{"id":1221,"date":"2025-07-25T11:33:16","date_gmt":"2025-07-25T11:33:16","guid":{"rendered":"https:\/\/sarancha.com\/hypnotherapy-demystification-of-hypnosis-for-therapeutic-purposes\/"},"modified":"2026-01-28T17:45:39","modified_gmt":"2026-01-28T17:45:39","slug":"hypnotherapy-ndth-sarancha-amazon-self-hypnosis","status":"publish","type":"page","link":"https:\/\/sarancha.com\/hr\/hypnotherapy-ndth-sarancha-amazon-self-hypnosis\/","title":{"rendered":"Knjiga &#8220;HYPNOTHERAPY: Demystification of hypnosis for therapeutic purposes&#8221;"},"content":{"rendered":"\n<div class=\"wp-block-group alignfull has-global-padding is-layout-constrained wp-block-group-is-layout-constrained\" style=\"margin-top:0;margin-bottom:0\">\n<div class=\"wp-block-columns alignfull is-layout-flex wp-container-core-columns-is-layout-9c22b1e3 wp-block-columns-is-layout-flex\">\n<div class=\"wp-block-column is-layout-flow wp-block-column-is-layout-flow\" style=\"padding-top:0;padding-right:0;padding-bottom:0;padding-left:0;flex-basis:33%\">\n<figure class=\"wp-block-image size-full\"><img loading=\"lazy\" decoding=\"async\" width=\"830\" height=\"1181\" src=\"https:\/\/sarancha.com\/wp-content\/uploads\/hypnotherapy_demystification_of_hypnosis_for_therapeutic_purposes.cover_.jpg\" alt=\"\" class=\"wp-image-1216\"\/><\/figure>\n<\/div>\n\n\n\n<div class=\"wp-block-column is-vertically-aligned-center is-layout-flow wp-block-column-is-layout-flow\" style=\"padding-top:0;padding-right:var(--wp--preset--spacing--50);padding-bottom:0;padding-left:var(--wp--preset--spacing--50)\">\n<p class=\"has-medium-font-size\">Knjiga&nbsp;<strong>\u201ePrekini biti bolestan!\u201c<\/strong>&nbsp;predstavlja sa\u017eetak znanstvenih spoznaja i prakti\u010dnog medicinskog iskustva.<\/p>\n\n\n\n<p class=\"has-medium-font-size\">Autor \u017eeli skrenuti pa\u017enju \u010ditatelja na cjelovit pristup razumijevanju ljudskog zdravlja, uzroka i mehanizama nastanka i razvoja bolesti, te pru\u017eiti potrebna znanja i alate za prekidanje za\u010daranog kruga bolesti.<\/p>\n\n\n\n<p class=\"has-medium-font-size\">Osim upoznavanja s novim i perspektivnim pristupima lije\u010denju i ozdravljenju, knjiga nudi prakti\u010dne vje\u017ebe usmjerene na razvoj specifi\u010dnih vje\u0161tina potrebnih za postizanje uravnote\u017eenog i resursnog funkcionalnog stanja.<\/p>\n\n\n\n<p class=\"has-medium-font-size\">Radom s materijalima iz knjige, \u010ditatelji \u0107e mo\u0107i ne samo pobolj\u0161ati svoje zdravlje, ve\u0107 i pomo\u0107i svojim najmilijima da dublje razumiju metode preispitivanja svojih postupaka i stava prema svijetu.<\/p>\n\n\n\n<p class=\"has-medium-font-size\">Ova nova svijest ima za cilj inspirirati ljude na ozdravljenje, vode\u0107i ih prema zdravijem, sretnijem i ispunjenijem \u017eivotu.<\/p>\n\n\n\n<div class=\"wp-block-group is-content-justification-space-between is-nowrap is-layout-flex wp-container-core-group-is-layout-cb46ffcb wp-block-group-is-layout-flex\">\n<div class=\"wp-block-buttons alignwide has-custom-font-size has-medium-font-size is-content-justification-center is-layout-flex wp-container-core-buttons-is-layout-c124d1c4 wp-block-buttons-is-layout-flex\">\n<div class=\"wp-block-button\"><a class=\"wp-block-button__link wp-element-button\" href=\"https:\/\/www.amazon.com\/dp\/B0FHFHK7RV\" target=\"_blank\" rel=\" noreferrer noopener nofollow\">Kupite na\u00a0<strong>Amazon<\/strong><\/a><\/div>\n<\/div>\n\n\n\n<div class=\"wp-block-group has-medium-font-size wp-container-content-9cfa9a5a has-global-padding is-content-justification-right is-layout-constrained wp-container-core-group-is-layout-5c12a1d1 wp-block-group-is-layout-constrained\">\n<p class=\"has-text-align-right\">Author<\/p>\n\n\n\n<p class=\"has-text-align-right\"><strong>dr. Vitaliy Sarancha<\/strong><\/p>\n<\/div>\n\n\n\n<figure class=\"wp-block-image size-medium is-resized has-custom-border\"><img loading=\"lazy\" decoding=\"async\" width=\"200\" height=\"300\" src=\"https:\/\/sarancha.com\/wp-content\/uploads\/2024\/12\/Dr.Sarancha-avatar-2-200x300.jpg\" alt=\"\" class=\"wp-image-166\" style=\"border-radius:100px;aspect-ratio:1;object-fit:cover;width:100px\" srcset=\"https:\/\/sarancha.com\/wp-content\/uploads\/2024\/12\/Dr.Sarancha-avatar-2-200x300.jpg 200w, https:\/\/sarancha.com\/wp-content\/uploads\/2024\/12\/Dr.Sarancha-avatar-2-684x1024.jpg 684w, https:\/\/sarancha.com\/wp-content\/uploads\/2024\/12\/Dr.Sarancha-avatar-2-768x1151.jpg 768w, https:\/\/sarancha.com\/wp-content\/uploads\/2024\/12\/Dr.Sarancha-avatar-2-1025x1536.jpg 1025w, https:\/\/sarancha.com\/wp-content\/uploads\/2024\/12\/Dr.Sarancha-avatar-2.jpg 1367w\" sizes=\"auto, (max-width: 200px) 100vw, 200px\" \/><\/figure>\n<\/div>\n\n\n\n<p><strong>Psihoneurofiziologija hipnoti\u010dkog transa<\/strong><\/p>\n\n\n\n<figure class=\"wp-block-embed is-type-video is-provider-youtube wp-block-embed-youtube wp-embed-aspect-16-9 wp-has-aspect-ratio\"><div class=\"wp-block-embed__wrapper\">\n<iframe loading=\"lazy\" title=\"Psychoneurophysiology of the hypnotic trance\" width=\"500\" height=\"281\" src=\"https:\/\/www.youtube.com\/embed\/mc473Lzxrxc?feature=oembed\" frameborder=\"0\" allow=\"accelerometer; autoplay; clipboard-write; encrypted-media; gyroscope; picture-in-picture; web-share\" referrerpolicy=\"strict-origin-when-cross-origin\" allowfullscreen><\/iframe>\n<\/div><\/figure>\n<\/div>\n<\/div>\n<\/div>\n\n\n\n<aside class=\"wp-block-group alignfull is-style-default has-background has-global-padding is-layout-constrained wp-container-core-group-is-layout-fa847504 wp-block-group-is-layout-constrained\" style=\"background:linear-gradient(145deg,rgb(214,200,170) 6%,rgb(207,204,193) 51%,rgb(79,79,79) 100%);margin-top:var(--wp--preset--spacing--50);margin-bottom:0;padding-top:var(--wp--preset--spacing--50);padding-right:var(--wp--preset--spacing--50);padding-bottom:var(--wp--preset--spacing--50);padding-left:var(--wp--preset--spacing--50)\">\n<div class=\"wp-block-group is-nowrap is-layout-flex wp-container-core-group-is-layout-6c531013 wp-block-group-is-layout-flex\">\n<div class=\"wp-block-group is-layout-flow wp-block-group-is-layout-flow\"><pre class=\"ti-widget\" style=\"display: none\"><template id=\"trustindex-amazon-widget-html\"><div class=\" ti-widget  ti-amaz ti-review-text-mode-readmore ti-text-align-left\" data-no-translation=\"true\" data-time-locale=\"%d %s ago|today|day|days|week|weeks|month|months|year|years\" data-plugin-version=\"13.2.8\" data-layout-id=\"107\" data-layout-category=\"badge\" data-set-id=\"ligth-border\" data-pid=\"\" data-language=\"en\" data-close-locale=\"Close\" data-css-version=\"2\" data-size=\"1\"> <div class=\"ti-widget-container\"> <a href=\"https:\/\/www.amazon.de\/Stop-being-sick-transform-fulfilled\/dp\/9534634212\/ref=cm_cr_arp_d_product_top\" role=\"button\" target=\"_blank\" rel=\"noopener nofollow\" class=\"ti-footer ti-footer-grid source-Amazon\"> <div class=\"ti-fade-container\"> <div class=\"ti-rating-text\"> <strong class=\"ti-rating ti-rating-large\"> EXCELLENT <\/strong> <\/div> <span class=\"ti-stars star-lg\"><trustindex-image class=\"ti-star\" data-imgurl=\"https:\/\/cdn.trustindex.io\/assets\/platform\/Amazon\/star\/f.svg\" alt=\"Amazon\" width=\"17\" height=\"17\" loading=\"lazy\"><\/trustindex-image><trustindex-image class=\"ti-star\" data-imgurl=\"https:\/\/cdn.trustindex.io\/assets\/platform\/Amazon\/star\/f.svg\" alt=\"Amazon\" width=\"17\" height=\"17\" loading=\"lazy\"><\/trustindex-image><trustindex-image class=\"ti-star\" data-imgurl=\"https:\/\/cdn.trustindex.io\/assets\/platform\/Amazon\/star\/f.svg\" alt=\"Amazon\" width=\"17\" height=\"17\" loading=\"lazy\"><\/trustindex-image><trustindex-image class=\"ti-star\" data-imgurl=\"https:\/\/cdn.trustindex.io\/assets\/platform\/Amazon\/star\/f.svg\" alt=\"Amazon\" width=\"17\" height=\"17\" loading=\"lazy\"><\/trustindex-image><trustindex-image class=\"ti-star\" data-imgurl=\"https:\/\/cdn.trustindex.io\/assets\/platform\/Amazon\/star\/f.svg\" alt=\"Amazon\" width=\"17\" height=\"17\" loading=\"lazy\"><\/trustindex-image><\/span> <div class=\"ti-rating-text\"> <span class=\"nowrap\">Based on <span class=\"underline\">59 reviews<\/span><\/span> <\/div> <div class=\"ti-large-logo\"> <div class=\"ti-v-center\"> <trustindex-image class=\"ti-logo-fb\" data-imgurl=\"https:\/\/cdn.trustindex.io\/assets\/platform\/Amazon\/logo.svg\" width=\"150\" height=\"25\" loading=\"lazy\" alt=\"Amazon\"><\/trustindex-image> <\/div> <\/div> <\/div> <\/a> <\/div> <\/div> <\/template><\/pre><div data-src=\"https:\/\/cdn.trustindex.io\/loader.js?wp-widget\" data-template-id=\"trustindex-amazon-widget-html\" data-css-url=\"https:\/\/sarancha.com\/wp-content\/uploads\/trustindex-amazon-widget.css?1774259119\"><\/div>\n<\/div>\n\n\n\n<div class=\"wp-block-group wp-container-content-9cfa9a5a is-layout-flow wp-container-core-group-is-layout-5e8d9640 wp-block-group-is-layout-flow\" style=\"margin-top:0;margin-bottom:0;padding-right:0;padding-left:0\">\n<h2 class=\"wp-block-heading has-text-align-center has-base-color has-text-color has-link-color wp-elements-adab94a901520188f8e4db513edfc593\">Naru\u010di unaprijed ve\u0107 danas \u2013 otvori svoj um<\/h2>\n\n\n\n<p class=\"has-text-align-center is-style-text-subtitle has-base-color has-text-color has-link-color has-large-font-size wp-elements-5480210d501df0eca203660ed3cb97f1 is-style-text-subtitle--1\">Dobijte pristup pa\u017eljivo odabranom vodi\u010du prakti\u010dnih metoda hipnoterapije<br>i uvida koji vam omogu\u0107uju otklju\u010davanje iscjeljuju\u0107eg potencijala hipnoze<br>i podr\u017eavaju trajne terapeutske promjene.<\/p>\n\n\n\n<div class=\"wp-block-buttons is-content-justification-center is-layout-flex wp-container-core-buttons-is-layout-a89b3969 wp-block-buttons-is-layout-flex\">\n<div class=\"wp-block-button\"><a class=\"wp-block-button__link has-text-align-center wp-element-button\" href=\"https:\/\/www.amazon.com\/dp\/B0FHFHK7RV\" target=\"_blank\" rel=\" noreferrer noopener nofollow\">Prednaru\u010di na&nbsp;<strong>Amazon<\/strong>&nbsp;<strong>$3.33<\/strong><\/a><\/div>\n<\/div>\n<\/div>\n<\/div>\n<\/aside>\n\n\n\n<p><\/p>\n","protected":false},"excerpt":{"rendered":"<p>Knjiga&nbsp;\u201ePrekini biti bolestan!\u201c&nbsp;predstavlja sa\u017eetak znanstvenih spoznaja i prakti\u010dnog medicinskog iskustva. Autor \u017eeli skrenuti pa\u017enju \u010ditatelja na cjelovit pristup razumijevanju ljudskog zdravlja, uzroka i mehanizama nastanka i razvoja bolesti, te pru\u017eiti potrebna znanja i alate za prekidanje za\u010daranog kruga bolesti. Osim upoznavanja s novim i perspektivnim pristupima lije\u010denju i ozdravljenju, knjiga nudi prakti\u010dne vje\u017ebe usmjerene na [&hellip;]<\/p>\n","protected":false},"author":1,"featured_media":0,"parent":0,"menu_order":0,"comment_status":"closed","ping_status":"closed","template":"","meta":{"inline_featured_image":false,"footnotes":""},"class_list":["post-1221","page","type-page","status-publish","hentry"],"yoast_head":"<!-- This site is optimized with the Yoast SEO plugin v27.3 - https:\/\/yoast.com\/product\/yoast-seo-wordpress\/ -->\n<title>Knjiga &quot;HYPNOTHERAPY: Demystification of hypnosis for therapeutic purposes&quot; - Dr. Sarancha<\/title>\n<meta name=\"description\" content=\"Ova nova knjiga ima za cilj inspirirati ljude na ozdravljenje, vode\u0107i ih prema zdravijem, sretnijem i ispunjenijem \u017eivotu.\" \/>\n<meta name=\"robots\" content=\"index, follow, max-snippet:-1, max-image-preview:large, max-video-preview:-1\" \/>\n<link rel=\"canonical\" href=\"https:\/\/sarancha.com\/hr\/hypnotherapy-ndth-sarancha-amazon-self-hypnosis\/\" \/>\n<meta property=\"og:locale\" content=\"hr_HR\" \/>\n<meta property=\"og:type\" content=\"article\" \/>\n<meta property=\"og:title\" content=\"Knjiga &quot;HYPNOTHERAPY: Demystification of hypnosis for therapeutic purposes&quot; - Dr. Sarancha\" \/>\n<meta property=\"og:description\" content=\"Ova nova knjiga ima za cilj inspirirati ljude na ozdravljenje, vode\u0107i ih prema zdravijem, sretnijem i ispunjenijem \u017eivotu.\" \/>\n<meta property=\"og:url\" content=\"https:\/\/sarancha.com\/hr\/hypnotherapy-ndth-sarancha-amazon-self-hypnosis\/\" \/>\n<meta property=\"og:site_name\" content=\"Dr. Sarancha\" \/>\n<meta property=\"article:modified_time\" content=\"2026-01-28T17:45:39+00:00\" \/>\n<meta property=\"og:image\" content=\"https:\/\/sarancha.com\/wp-content\/uploads\/hypnotherapy_demystification_of_hypnosis_for_therapeutic_purposes.cover_.jpg\" \/>\n\t<meta property=\"og:image:width\" content=\"830\" \/>\n\t<meta property=\"og:image:height\" content=\"1181\" \/>\n\t<meta property=\"og:image:type\" content=\"image\/jpeg\" \/>\n<meta name=\"twitter:card\" content=\"summary_large_image\" \/>\n<meta name=\"twitter:label1\" content=\"Procijenjeno vrijeme \u010ditanja\" \/>\n\t<meta name=\"twitter:data1\" content=\"2 minute\" \/>\n<script type=\"application\/ld+json\" class=\"yoast-schema-graph\">{\"@context\":\"https:\\\/\\\/schema.org\",\"@graph\":[{\"@type\":\"WebPage\",\"@id\":\"https:\\\/\\\/sarancha.com\\\/hr\\\/hypnotherapy-ndth-sarancha-amazon-self-hypnosis\\\/\",\"url\":\"https:\\\/\\\/sarancha.com\\\/hr\\\/hypnotherapy-ndth-sarancha-amazon-self-hypnosis\\\/\",\"name\":\"Knjiga \\\"HYPNOTHERAPY: Demystification of hypnosis for therapeutic purposes\\\" - Dr. Sarancha\",\"isPartOf\":{\"@id\":\"https:\\\/\\\/sarancha.com\\\/hr\\\/#website\"},\"primaryImageOfPage\":{\"@id\":\"https:\\\/\\\/sarancha.com\\\/hr\\\/hypnotherapy-ndth-sarancha-amazon-self-hypnosis\\\/#primaryimage\"},\"image\":{\"@id\":\"https:\\\/\\\/sarancha.com\\\/hr\\\/hypnotherapy-ndth-sarancha-amazon-self-hypnosis\\\/#primaryimage\"},\"thumbnailUrl\":\"https:\\\/\\\/sarancha.com\\\/wp-content\\\/uploads\\\/hypnotherapy_demystification_of_hypnosis_for_therapeutic_purposes.cover_.jpg\",\"datePublished\":\"2025-07-25T11:33:16+00:00\",\"dateModified\":\"2026-01-28T17:45:39+00:00\",\"description\":\"Ova nova knjiga ima za cilj inspirirati ljude na ozdravljenje, vode\u0107i ih prema zdravijem, sretnijem i ispunjenijem \u017eivotu.\",\"breadcrumb\":{\"@id\":\"https:\\\/\\\/sarancha.com\\\/hr\\\/hypnotherapy-ndth-sarancha-amazon-self-hypnosis\\\/#breadcrumb\"},\"inLanguage\":\"hr\",\"potentialAction\":[{\"@type\":\"ReadAction\",\"target\":[\"https:\\\/\\\/sarancha.com\\\/hr\\\/hypnotherapy-ndth-sarancha-amazon-self-hypnosis\\\/\"]}]},{\"@type\":\"ImageObject\",\"inLanguage\":\"hr\",\"@id\":\"https:\\\/\\\/sarancha.com\\\/hr\\\/hypnotherapy-ndth-sarancha-amazon-self-hypnosis\\\/#primaryimage\",\"url\":\"https:\\\/\\\/sarancha.com\\\/wp-content\\\/uploads\\\/hypnotherapy_demystification_of_hypnosis_for_therapeutic_purposes.cover_.jpg\",\"contentUrl\":\"https:\\\/\\\/sarancha.com\\\/wp-content\\\/uploads\\\/hypnotherapy_demystification_of_hypnosis_for_therapeutic_purposes.cover_.jpg\"},{\"@type\":\"BreadcrumbList\",\"@id\":\"https:\\\/\\\/sarancha.com\\\/hr\\\/hypnotherapy-ndth-sarancha-amazon-self-hypnosis\\\/#breadcrumb\",\"itemListElement\":[{\"@type\":\"ListItem\",\"position\":1,\"name\":\"Home\",\"item\":\"https:\\\/\\\/sarancha.com\\\/hr\\\/\"},{\"@type\":\"ListItem\",\"position\":2,\"name\":\"Knjiga &#8220;HYPNOTHERAPY: Demystification of hypnosis for therapeutic purposes&#8221;\"}]},{\"@type\":\"WebSite\",\"@id\":\"https:\\\/\\\/sarancha.com\\\/hr\\\/#website\",\"url\":\"https:\\\/\\\/sarancha.com\\\/hr\\\/\",\"name\":\"Dr. Sarancha\",\"description\":\"Kou\u010ding zdravlja od dr.Sarancha\",\"potentialAction\":[{\"@type\":\"SearchAction\",\"target\":{\"@type\":\"EntryPoint\",\"urlTemplate\":\"https:\\\/\\\/sarancha.com\\\/hr\\\/?s={search_term_string}\"},\"query-input\":{\"@type\":\"PropertyValueSpecification\",\"valueRequired\":true,\"valueName\":\"search_term_string\"}}],\"inLanguage\":\"hr\"}]}<\/script>\n<!-- \/ Yoast SEO plugin. -->","yoast_head_json":{"title":"Knjiga \"HYPNOTHERAPY: Demystification of hypnosis for therapeutic purposes\" - Dr. Sarancha","description":"Ova nova knjiga ima za cilj inspirirati ljude na ozdravljenje, vode\u0107i ih prema zdravijem, sretnijem i ispunjenijem \u017eivotu.","robots":{"index":"index","follow":"follow","max-snippet":"max-snippet:-1","max-image-preview":"max-image-preview:large","max-video-preview":"max-video-preview:-1"},"canonical":"https:\/\/sarancha.com\/hr\/hypnotherapy-ndth-sarancha-amazon-self-hypnosis\/","og_locale":"hr_HR","og_type":"article","og_title":"Knjiga \"HYPNOTHERAPY: Demystification of hypnosis for therapeutic purposes\" - Dr. Sarancha","og_description":"Ova nova knjiga ima za cilj inspirirati ljude na ozdravljenje, vode\u0107i ih prema zdravijem, sretnijem i ispunjenijem \u017eivotu.","og_url":"https:\/\/sarancha.com\/hr\/hypnotherapy-ndth-sarancha-amazon-self-hypnosis\/","og_site_name":"Dr. Sarancha","article_modified_time":"2026-01-28T17:45:39+00:00","og_image":[{"width":830,"height":1181,"url":"https:\/\/sarancha.com\/wp-content\/uploads\/hypnotherapy_demystification_of_hypnosis_for_therapeutic_purposes.cover_.jpg","type":"image\/jpeg"}],"twitter_card":"summary_large_image","twitter_misc":{"Procijenjeno vrijeme \u010ditanja":"2 minute"},"schema":{"@context":"https:\/\/schema.org","@graph":[{"@type":"WebPage","@id":"https:\/\/sarancha.com\/hr\/hypnotherapy-ndth-sarancha-amazon-self-hypnosis\/","url":"https:\/\/sarancha.com\/hr\/hypnotherapy-ndth-sarancha-amazon-self-hypnosis\/","name":"Knjiga \"HYPNOTHERAPY: Demystification of hypnosis for therapeutic purposes\" - Dr. Sarancha","isPartOf":{"@id":"https:\/\/sarancha.com\/hr\/#website"},"primaryImageOfPage":{"@id":"https:\/\/sarancha.com\/hr\/hypnotherapy-ndth-sarancha-amazon-self-hypnosis\/#primaryimage"},"image":{"@id":"https:\/\/sarancha.com\/hr\/hypnotherapy-ndth-sarancha-amazon-self-hypnosis\/#primaryimage"},"thumbnailUrl":"https:\/\/sarancha.com\/wp-content\/uploads\/hypnotherapy_demystification_of_hypnosis_for_therapeutic_purposes.cover_.jpg","datePublished":"2025-07-25T11:33:16+00:00","dateModified":"2026-01-28T17:45:39+00:00","description":"Ova nova knjiga ima za cilj inspirirati ljude na ozdravljenje, vode\u0107i ih prema zdravijem, sretnijem i ispunjenijem \u017eivotu.","breadcrumb":{"@id":"https:\/\/sarancha.com\/hr\/hypnotherapy-ndth-sarancha-amazon-self-hypnosis\/#breadcrumb"},"inLanguage":"hr","potentialAction":[{"@type":"ReadAction","target":["https:\/\/sarancha.com\/hr\/hypnotherapy-ndth-sarancha-amazon-self-hypnosis\/"]}]},{"@type":"ImageObject","inLanguage":"hr","@id":"https:\/\/sarancha.com\/hr\/hypnotherapy-ndth-sarancha-amazon-self-hypnosis\/#primaryimage","url":"https:\/\/sarancha.com\/wp-content\/uploads\/hypnotherapy_demystification_of_hypnosis_for_therapeutic_purposes.cover_.jpg","contentUrl":"https:\/\/sarancha.com\/wp-content\/uploads\/hypnotherapy_demystification_of_hypnosis_for_therapeutic_purposes.cover_.jpg"},{"@type":"BreadcrumbList","@id":"https:\/\/sarancha.com\/hr\/hypnotherapy-ndth-sarancha-amazon-self-hypnosis\/#breadcrumb","itemListElement":[{"@type":"ListItem","position":1,"name":"Home","item":"https:\/\/sarancha.com\/hr\/"},{"@type":"ListItem","position":2,"name":"Knjiga &#8220;HYPNOTHERAPY: Demystification of hypnosis for therapeutic purposes&#8221;"}]},{"@type":"WebSite","@id":"https:\/\/sarancha.com\/hr\/#website","url":"https:\/\/sarancha.com\/hr\/","name":"Dr. Sarancha","description":"Kou\u010ding zdravlja od dr.Sarancha","potentialAction":[{"@type":"SearchAction","target":{"@type":"EntryPoint","urlTemplate":"https:\/\/sarancha.com\/hr\/?s={search_term_string}"},"query-input":{"@type":"PropertyValueSpecification","valueRequired":true,"valueName":"search_term_string"}}],"inLanguage":"hr"}]}},"_links":{"self":[{"href":"https:\/\/sarancha.com\/hr\/wp-json\/wp\/v2\/pages\/1221","targetHints":{"allow":["GET"]}}],"collection":[{"href":"https:\/\/sarancha.com\/hr\/wp-json\/wp\/v2\/pages"}],"about":[{"href":"https:\/\/sarancha.com\/hr\/wp-json\/wp\/v2\/types\/page"}],"author":[{"embeddable":true,"href":"https:\/\/sarancha.com\/hr\/wp-json\/wp\/v2\/users\/1"}],"replies":[{"embeddable":true,"href":"https:\/\/sarancha.com\/hr\/wp-json\/wp\/v2\/comments?post=1221"}],"version-history":[{"count":4,"href":"https:\/\/sarancha.com\/hr\/wp-json\/wp\/v2\/pages\/1221\/revisions"}],"predecessor-version":[{"id":1281,"href":"https:\/\/sarancha.com\/hr\/wp-json\/wp\/v2\/pages\/1221\/revisions\/1281"}],"wp:attachment":[{"href":"https:\/\/sarancha.com\/hr\/wp-json\/wp\/v2\/media?parent=1221"}],"curies":[{"name":"wp","href":"https:\/\/api.w.org\/{rel}","templated":true}]}}