{"id":1818,"date":"2026-01-27T16:44:44","date_gmt":"2026-01-27T16:44:44","guid":{"rendered":"https:\/\/sarancha.com\/ndth\/"},"modified":"2026-03-28T09:04:10","modified_gmt":"2026-03-28T09:04:10","slug":"ndth","status":"publish","type":"page","link":"https:\/\/sarancha.com\/hr\/ndth\/","title":{"rendered":"Neurodirektivna transformativna hipnoterapija (NDTH\u00ae)"},"content":{"rendered":"\n<div class=\"wp-block-cover alignfull is-light has-contrast-color has-text-color has-link-color wp-elements-fce3178c1165e44add353f045a6337c8\" style=\"margin-top:0;margin-bottom:0;padding-top:var(--wp--preset--spacing--60);padding-right:var(--wp--preset--spacing--50);padding-bottom:var(--wp--preset--spacing--60);padding-left:var(--wp--preset--spacing--50)\"><span aria-hidden=\"true\" class=\"wp-block-cover__background has-base-background-color has-background-dim-100 has-background-dim\"><\/span><div class=\"wp-block-cover__inner-container has-global-padding is-layout-constrained wp-container-core-cover-is-layout-873ee6b1 wp-block-cover-is-layout-constrained\">\n<div class=\"wp-block-columns alignwide is-layout-flex wp-container-core-columns-is-layout-7ee84d44 wp-block-columns-is-layout-flex\">\n<div class=\"wp-block-column is-layout-flow wp-block-column-is-layout-flow\" style=\"flex-basis:65%\">\n<div class=\"wp-block-group is-vertical is-content-justification-stretch is-layout-flex wp-container-core-group-is-layout-353c4f5a wp-block-group-is-layout-flex\">\n<h1 class=\"wp-block-heading\"><strong>\u0160to je to?<\/strong><\/h1>\n\n\n\n<p>NDTH\u00ae je nastao kao odgovor na klini\u010dko opa\u017eanje koje je dugo vremena postojalo bez jasnog konceptualnog okvira. Ve\u0107ina hipnoterapijskih modela usmjerena je na razrje\u0161enje emocionalnog konflikta. Oni su usmjereni na smanjenje napetosti, osloba\u0111anje unutarnjih resursa i postizanje prihi\u010dke ravnote\u017ee. Psihoterapija poma\u017ee \u010dovjeku da se oslobodi emocionalnog tereta. Me\u0111utim, oslobo\u0111enje nije kraj puta samorealizacije. Oslobo\u0111enje je novi po\u010detak. I ovdje se postavlja logi\u010dno pitanje: po\u010detak \u010dega? \u010covjek nije stati\u010dan sustav. Njegova psiha ne te\u017ei samo ravnote\u017ei nego i samoaktualizacije. Nakon terapije \u010dovjek dobiva unutarnji resurs, spreman je nastaviti dalje, no pojavljuje se sljede\u0107e pitanje: kamo i na koji na\u010din? Problem nije u postojanju pote\u0161ko\u0107e, nego u nedostatku novog smjera. Pojavljuje se posebno stanje \u2014 ne toliko olak\u0161anje koliko osje\u0107aj unutarnjeg prostora za transformaciju. Istodobno osoba i dalje do\u017eivljava unutarnju neizvjesnost: kretanje bez vektora, namjeru bez realizacije, potencijal bez strukturiranog i dosljednog razvoja. U tom trenutku osoba intuitivno tra\u017ei novu strukturu \u2014 na\u010din kako organizirati obnovljenu verziju sebe. Ponekad to stanje podsje\u0107a na to\u010dku u kojoj se pojavljuju egzistencijalna pitanja: tko sam sada? kamo idem? za\u0161to mi je to potrebno? Kada se prethodni obrazac pona\u0161anja rastvori, psiha ulazi u stanje pove\u0107ane plasti\u010dnosti. To je posebna zona: jo\u0161 nije stabilnost, ali vi\u0161e nije ni kaos. Psiha vi\u0161e nije vezana uz pro\u0161lost, ali jo\u0161 nije organizirana budu\u0107no\u0161\u0107u. U nedostatku usmjerenog procesa mogu\u0107a su tri scenarija: povratak na prethodne strategije kao najpoznatije; formiranje novog simptoma koji popunjava strukturnu prazninu; ili osje\u0107aj izgubljenosti, kao da je stari identitet nestao, a novi jo\u0161 nije oblikovan. NDTH\u00ae predstavlja logi\u010dan nastavak terapijskog procesa nakon dubinskog rada na razini nesvjesnog.<\/p>\n\n\n\n<h2 class=\"wp-block-heading\"><strong><strong>Kome je to potrebno?<\/strong><\/strong><\/h2>\n\n\n\n<p>Takvo stanje \u010desto se opa\u017ea kod ljudi s visokom razinom odgovornosti (poduzetnika, vlasnika tvrtki, menad\u017eera, pravnika i dr.), kod osoba koje prolaze oporavak nakon bolesti ili emocionalnog izgaranja, kao i kod profesionalnih sporta\u0161a \u2014 osobito u razdobljima intenzivnih priprema i prednatjecateljskog pritiska. Pri visokim fizi\u010dkim i kognitivnim optere\u0107enjima \u010dak i mala dezorganizacija unutarnjih orijentira mo\u017ee dovesti do smanjene koncentracije, neadekvatnosti reakcija, gubitka osje\u0107aja unutarnjeg oslonca i naru\u0161ene sposobnosti preciznog reproduciranja nau\u010denih obrazaca pona\u0161anja u klju\u010dnim trenucima. Osim toga, takvo stanje \u010desto se pojavljuje kod ljudi koji su zavr\u0161ili fazu psiholo\u0161kog restrukturiranja i nalaze se na pragu faze realizacije i samoaktualizacije. Unutarnja spremnost na promjenu ve\u0107 je formirana, ali neurofiziolo\u0161ki mehanizmi orijentacije i integracije iskustva jo\u0161 zahtijevaju prilagodbu. <\/p>\n\n\n\n<p><strong>Cilj NDTH\u00ae sistema je stvaranje unutarnjeg navigacijskog mehanizma samoregulacije, utemeljenog na konsolidiranoj jezgri osobnosti, koji omogu\u0107uje kretanje prema ciljevima bez unutarnjeg konflikta.<\/strong><\/p>\n\n\n\n<p>U osnovi pristupa nalazi se temeljno opa\u017eanje: smjer prethodi motivaciji. Kada vektor postane jasan na razini nesvjesnih orijentira, napor prestaje biti sredi\u0161nji mehanizam promjene. Pona\u0161anje se reorganizira prirodno i ugodno.<\/p>\n\n\n\n<h2 class=\"wp-block-heading\"><strong><strong>Kako to funkcionira?<\/strong><\/strong><\/h2>\n\n\n\n<p>U okviru ove metodologije naglasak se pomi\u010de s pitanja \u201e\u0161to je potrebno promijeniti?\u201c na dublje pitanje: \u201ekoji je individualni smjer i kako postaviti unutarnji sustav da dosljedno i sigurno odr\u017eava odabrani pravac do ostvarenja cilja?\u201c Temeljna na\u010dela NDTH\u00ae ostvaruju se kroz cjelovit sistem od triju me\u0111usobno povezanih psihoregulacijskih tehnika koje, kada se primjenjuju redoslijedom, \u010dine cjelovit integrativni proces:<\/p>\n\n\n\n<p><strong>cilj-aktualiziraju\u0107a progresija, vektor adaptivne transformacije i uspostavljanje unutarnjeg navigatora.<\/strong><\/p>\n\n\n\n<p>Svaka tehnika djeluje na odre\u0111eni aspekt unutarnje organizacije, a zajedno tvore slijed koji omogu\u0107uje postupnu i stabilnu integraciju.<\/p>\n\n\n\n<h2 class=\"wp-block-heading\"><strong><strong>Va\u017enost etike<\/strong><\/strong><\/h2>\n\n\n\n<p>NDTH\u00ae ne name\u0107e ciljeve, vrijednosti ili rje\u0161enja. Vektor se formira iz unutarnjih psihi\u010dkih i somatskih sustava same osobe, u skladu s njezinim individualnim svjetonazorom, \u0161to osigurava subjektivnu uskla\u0111enost i psiholo\u0161ku ugodu. Metodologija se temelji na po\u0161tivanju autonomije osobe, informiranom pristanku, integraciji promjena i nedirektivnoj eti\u010dkoj interakciji. NDTH\u00ae se mo\u017ee primjenjivati u klini\u010dkom formatu, kao i u obliku hipnoti\u010dkog coachinga, nakon zavr\u0161ene certificirane edukacije, od strane psihoterapeuta, coacha, edukatora i drugih stru\u010dnjaka socijalnih zanimanja.<\/p>\n<\/div>\n<\/div>\n\n\n\n<div class=\"wp-block-column is-layout-flow wp-block-column-is-layout-flow\" style=\"flex-basis:35%\">\n<div class=\"wp-block-group is-vertical is-content-justification-stretch is-nowrap is-layout-flex wp-container-core-group-is-layout-73b0033c wp-block-group-is-layout-flex\">\n<p class=\"has-text-align-right has-x-large-font-size\" style=\"line-height:1.2\"><a href=\"https:\/\/www.linkedin.com\/in\/vitaliy-sarancha-m-d-ph-d-1976101b\/\" type=\"link\" id=\"https:\/\/www.linkedin.com\/in\/vitaliy-sarancha-m-d-ph-d-1976101b\/\" target=\"_blank\" rel=\"noreferrer noopener\">LinkedIn<\/a><br><a href=\"https:\/\/www.researchgate.net\/profile\/Vitaliy-Sarancha?ev=hdr_xprf\" type=\"link\" id=\"https:\/\/www.researchgate.net\/profile\/Vitaliy-Sarancha?ev=hdr_xprf\" target=\"_blank\" rel=\"noreferrer noopener\">ResearchGate<\/a><\/p>\n<\/div>\n\n\n\n<div class=\"wp-block-group has-global-padding is-layout-constrained wp-block-group-is-layout-constrained\">\n<hr class=\"wp-block-separator has-alpha-channel-opacity\" style=\"margin-top:var(--wp--preset--spacing--50);margin-bottom:var(--wp--preset--spacing--50)\"\/>\n\n\n\n<h3 class=\"wp-block-heading has-text-align-center\">White Papers<\/h3>\n\n\n<style>.cfcf7-block .wpcf7-text, .cfcf7-block .wpcf7-textarea, .cfcf7-block input[type='number'], .cfcf7-block .wpcf7-select, .cfcf7-block .wpcf7-date { background-color: #f4f4f4; border-radius: 0;  line-height:1.4em!important; } .cfcf7-block .wpcf7-text, .cfcf7-block .wpcf7-textarea, .cfcf7-block input[type='number'], .cfcf7-block .wpcf7-select, .cfcf7-block .wpcf7-date { border: none; } .cfcf7-block .wpcf7-text, .cfcf7-block .wpcf7-textarea, .cfcf7-block input[type='number'], .cfcf7-block .wpcf7-select, .cfcf7-block .wpcf7-date{ box-shadow:none!important; } .wpcf7 label{ font-size:1.1em!important;}  .wpcf7 label{ font-weight:400!important;}  .wpcf7 label{ line-height:2em!important;}   .wpcf7 label, .wpcf7 form p a, .wpcf7 form p{ color: #8C8E98!important; } .wpcf7 label{ line-height: 2em;} .cfcf7-block .wpcf7-text, .cfcf7-block .wpcf7-textarea, .cfcf7-block input[type='number'], .cfcf7-block .wpcf7-select, .cfcf7-block .wpcf7-date{font-size:1em!important;}  .cfcf7-block .wpcf7-text, .cfcf7-block .wpcf7-textarea, .cfcf7-block input[type='number'], .cfcf7-block .wpcf7-select, .cfcf7-block .wpcf7-date{ color: #545054;} .wpcf7 ::placeholder{ color: #C9C9C9} .cfcf7-block .wpcf7-text, .cfcf7-block .wpcf7-textarea, .cfcf7-block input[type='number'], .cfcf7-block .wpcf7-select, .cfcf7-block .wpcf7-date{ padding: 0.6em 0.6em; } .wpcf7-submit, .wpcf7-submit-wrapper{ background: #111111!important; line-height:1.5em!important;} .cfcf7-block .wpcf7-submit{font-size:1em!important; }  .cfcf7-block .wpcf7-submit{ text-transform: capitalize!important; } .cfcf7-block .wpcf7-submit{ font-weight:400!important;}  .cfcf7-block .wpcf7-submit{color: white!important;}  .cfcf7-block .wpcf7-submit{padding-top:0.9em!important; padding-bottom:0.9em!important; }  .cfcf7-block .wpcf7-submit{padding-left:4em; padding-right:4em ; }  .cfcf7-block\r\n .wpcf7-submit{ width: 100%; } .cfcf7-block .wpcf7-submit{ border-radius: 0!important;} .cfcf7-block .wpcf7-submit{ border: none;} .cfcf7-block .wpcf7-submit{box-shadow:none!important;} .cfcf7-block .wpcf7-submit:hover{box-shadow:none!important;} \r\n        @media only screen and (min-width: 361px) and (max-width: 780px) {\r\n            .cfcf7-block\r\n            { \r\n                font-size: 16px!important; \r\n                margin-top: 0em!important; \r\n                margin-left: 0em!important; \r\n                margin-right: 0em!important; \r\n                margin-bottom: 0em!important;\r\n                padding-top: 1.6em!important; \r\n                padding-left: 2.2em!important; \r\n                padding-right: 2.2em!important; \r\n                padding-bottom: 1.6em!important; \r\n            } \r\n            .cfcf7-block .wpcf7-submit{ width: 100%!important; \r\n        }} \r\n@media only screen and (max-width: 360px) {\r\n    .cfcf7-block\r\n{ \r\n                font-size: 16px!important; \r\n                margin-top: 1em!important; \r\n                margin-left: -0.5em!important; \r\n                margin-right: -0.5em!important; \r\n                margin-bottom: 1em!important;\r\n                padding-top: 2em!important; \r\n                padding-left: 1.5em!important; \r\n                padding-right: 1.5em!important; \r\n                padding-bottom: 2em!important; \r\n            } \r\n            .cfcf7-block .wpcf7-submit{ width: 100%!important; \r\n        }}<\/style><div class=\"cfcf7-block-container\"><div style=\"background-color:#fff; line-height: 1.4em!important; font-size:16px;  padding-top:1em; padding-left:0.5em; padding-right:0.5em; padding-bottom:1em; margin-top:-2em; margin-left:0em; margin-right:0em; margin-bottom:0em; border-radius: 0em; box-shadow:none!important; border-color:black; \" class=\"cfcf7-block wp-block-mofistudio-customizer-block-cf7\">\n<div class=\"wpcf7 no-js\" id=\"wpcf7-f1868-o1\" lang=\"hr\" dir=\"ltr\" data-wpcf7-id=\"1868\">\n<div class=\"screen-reader-response\"><p role=\"status\" aria-live=\"polite\" aria-atomic=\"true\"><\/p> <ul><\/ul><\/div>\n<form action=\"\/hr\/wp-json\/wp\/v2\/pages\/1818#wpcf7-f1868-o1\" method=\"post\" class=\"wpcf7-form init\" aria-label=\"Kontakt obrazac\" novalidate=\"novalidate\" data-status=\"init\">\n<fieldset class=\"hidden-fields-container\"><input type=\"hidden\" name=\"_wpcf7\" value=\"1868\" \/><input type=\"hidden\" name=\"_wpcf7_version\" value=\"6.1.5\" \/><input type=\"hidden\" name=\"_wpcf7_locale\" value=\"hr\" \/><input type=\"hidden\" name=\"_wpcf7_unit_tag\" value=\"wpcf7-f1868-o1\" \/><input type=\"hidden\" name=\"_wpcf7_container_post\" value=\"0\" \/><input type=\"hidden\" name=\"_wpcf7_posted_data_hash\" value=\"\" \/>\n<\/fieldset>\n<p><label> Odaberite datoteku koju \u017eelite preuzeti<br \/>\n<span class=\"wpcf7-form-control-wrap\" data-name=\"select-file\"><select class=\"wpcf7-form-control wpcf7-select\" aria-invalid=\"false\" name=\"select-file\"><option value=\"Neuroplastic Mechanisms\">Neuroplastic Mechanisms<\/option><option value=\"NDHT White Paper\">NDHT White Paper<\/option><option value=\"Mechanism Hypotheses\">Mechanism Hypotheses<\/option><option value=\"Ethics Review Statement\">Ethics Review Statement<\/option><option value=\"Conceptual Framework for Mechanistic Evaluation\">Conceptual Framework for Mechanistic Evaluation<\/option><\/select><\/span> <\/label>\n<\/p>\n<p><label> Unesite svoju email adresu <span class=\"wpcf7-form-control-wrap\" data-name=\"your-email\"><input size=\"40\" maxlength=\"400\" class=\"wpcf7-form-control wpcf7-email wpcf7-validates-as-required wpcf7-text wpcf7-validates-as-email\" autocomplete=\"email\" aria-required=\"true\" aria-invalid=\"false\" value=\"\" type=\"email\" name=\"your-email\" \/><\/span> <\/label>\n<\/p>\n<p><input class=\"wpcf7-form-control wpcf7-submit has-spinner\" type=\"submit\" value=\"Preuzmite White Papers\" \/>\n<\/p>\n<div style=\"visible:hidden;\">\n\t<p><div id=\"cf7sr-v3-69e342e006bc0\"><input type=\"hidden\" name=\"cf7sr-v3-token\" value=\"\"><\/div>\n\t<\/p>\n<\/div><div class=\"wpcf7-response-output\" aria-hidden=\"true\"><\/div>\n<\/form>\n<\/div>\n<\/div><\/div><\/div>\n<\/div>\n<\/div>\n<\/div><\/div>\n","protected":false},"excerpt":{"rendered":"","protected":false},"author":1,"featured_media":1910,"parent":0,"menu_order":0,"comment_status":"closed","ping_status":"closed","template":"","meta":{"inline_featured_image":false,"footnotes":""},"class_list":["post-1818","page","type-page","status-publish","has-post-thumbnail","hentry"],"yoast_head":"<!-- This site is optimized with the Yoast SEO plugin v27.3 - https:\/\/yoast.com\/product\/yoast-seo-wordpress\/ -->\n<title>Neurodirektivna transformativna hipnoterapija (NDTH\u00ae) - Dr. Sarancha<\/title>\n<meta name=\"description\" content=\"Rije\u010d je o cjelovitom sustavu mentalne regulacije i transformacije, a u kontekstu samohipnoze \u2014 sustavu samoregulacije.\" \/>\n<meta name=\"robots\" content=\"index, follow, max-snippet:-1, max-image-preview:large, max-video-preview:-1\" \/>\n<link rel=\"canonical\" href=\"https:\/\/sarancha.com\/hr\/ndth\/\" \/>\n<meta property=\"og:locale\" content=\"hr_HR\" \/>\n<meta property=\"og:type\" content=\"article\" \/>\n<meta property=\"og:title\" content=\"Neurodirektivna transformativna hipnoterapija (NDTH\u00ae) - Dr. Sarancha\" \/>\n<meta property=\"og:description\" content=\"Rije\u010d je o cjelovitom sustavu mentalne regulacije i transformacije, a u kontekstu samohipnoze \u2014 sustavu samoregulacije.\" \/>\n<meta property=\"og:url\" content=\"https:\/\/sarancha.com\/hr\/ndth\/\" \/>\n<meta property=\"og:site_name\" content=\"Dr. Sarancha\" \/>\n<meta property=\"article:modified_time\" content=\"2026-03-28T09:04:10+00:00\" \/>\n<meta property=\"og:image\" content=\"https:\/\/sarancha.com\/wp-content\/uploads\/photo-2026-02-04-08-35-12-3.jpg\" \/>\n\t<meta property=\"og:image:width\" content=\"1280\" \/>\n\t<meta property=\"og:image:height\" content=\"731\" \/>\n\t<meta property=\"og:image:type\" content=\"image\/jpeg\" \/>\n<meta name=\"twitter:card\" content=\"summary_large_image\" \/>\n<meta name=\"twitter:label1\" content=\"Procijenjeno vrijeme \u010ditanja\" \/>\n\t<meta name=\"twitter:data1\" content=\"3 minute\" \/>\n<script type=\"application\/ld+json\" class=\"yoast-schema-graph\">{\"@context\":\"https:\\\/\\\/schema.org\",\"@graph\":[{\"@type\":\"WebPage\",\"@id\":\"https:\\\/\\\/sarancha.com\\\/hr\\\/ndth\\\/\",\"url\":\"https:\\\/\\\/sarancha.com\\\/hr\\\/ndth\\\/\",\"name\":\"Neurodirektivna transformativna hipnoterapija (NDTH\u00ae) - Dr. Sarancha\",\"isPartOf\":{\"@id\":\"https:\\\/\\\/sarancha.com\\\/hr\\\/#website\"},\"primaryImageOfPage\":{\"@id\":\"https:\\\/\\\/sarancha.com\\\/hr\\\/ndth\\\/#primaryimage\"},\"image\":{\"@id\":\"https:\\\/\\\/sarancha.com\\\/hr\\\/ndth\\\/#primaryimage\"},\"thumbnailUrl\":\"https:\\\/\\\/sarancha.com\\\/wp-content\\\/uploads\\\/photo-2026-02-04-08-35-12-3.jpg\",\"datePublished\":\"2026-01-27T16:44:44+00:00\",\"dateModified\":\"2026-03-28T09:04:10+00:00\",\"description\":\"Rije\u010d je o cjelovitom sustavu mentalne regulacije i transformacije, a u kontekstu samohipnoze \u2014 sustavu samoregulacije.\",\"breadcrumb\":{\"@id\":\"https:\\\/\\\/sarancha.com\\\/hr\\\/ndth\\\/#breadcrumb\"},\"inLanguage\":\"hr\",\"potentialAction\":[{\"@type\":\"ReadAction\",\"target\":[\"https:\\\/\\\/sarancha.com\\\/hr\\\/ndth\\\/\"]}]},{\"@type\":\"ImageObject\",\"inLanguage\":\"hr\",\"@id\":\"https:\\\/\\\/sarancha.com\\\/hr\\\/ndth\\\/#primaryimage\",\"url\":\"https:\\\/\\\/sarancha.com\\\/wp-content\\\/uploads\\\/photo-2026-02-04-08-35-12-3.jpg\",\"contentUrl\":\"https:\\\/\\\/sarancha.com\\\/wp-content\\\/uploads\\\/photo-2026-02-04-08-35-12-3.jpg\",\"width\":1280,\"height\":731},{\"@type\":\"BreadcrumbList\",\"@id\":\"https:\\\/\\\/sarancha.com\\\/hr\\\/ndth\\\/#breadcrumb\",\"itemListElement\":[{\"@type\":\"ListItem\",\"position\":1,\"name\":\"Home\",\"item\":\"https:\\\/\\\/sarancha.com\\\/hr\\\/\"},{\"@type\":\"ListItem\",\"position\":2,\"name\":\"Neurodirektivna transformativna hipnoterapija (NDTH\u00ae)\"}]},{\"@type\":\"WebSite\",\"@id\":\"https:\\\/\\\/sarancha.com\\\/hr\\\/#website\",\"url\":\"https:\\\/\\\/sarancha.com\\\/hr\\\/\",\"name\":\"Dr. Sarancha\",\"description\":\"Kou\u010ding zdravlja od dr.Sarancha\",\"potentialAction\":[{\"@type\":\"SearchAction\",\"target\":{\"@type\":\"EntryPoint\",\"urlTemplate\":\"https:\\\/\\\/sarancha.com\\\/hr\\\/?s={search_term_string}\"},\"query-input\":{\"@type\":\"PropertyValueSpecification\",\"valueRequired\":true,\"valueName\":\"search_term_string\"}}],\"inLanguage\":\"hr\"}]}<\/script>\n<!-- \/ Yoast SEO plugin. -->","yoast_head_json":{"title":"Neurodirektivna transformativna hipnoterapija (NDTH\u00ae) - Dr. Sarancha","description":"Rije\u010d je o cjelovitom sustavu mentalne regulacije i transformacije, a u kontekstu samohipnoze \u2014 sustavu samoregulacije.","robots":{"index":"index","follow":"follow","max-snippet":"max-snippet:-1","max-image-preview":"max-image-preview:large","max-video-preview":"max-video-preview:-1"},"canonical":"https:\/\/sarancha.com\/hr\/ndth\/","og_locale":"hr_HR","og_type":"article","og_title":"Neurodirektivna transformativna hipnoterapija (NDTH\u00ae) - Dr. Sarancha","og_description":"Rije\u010d je o cjelovitom sustavu mentalne regulacije i transformacije, a u kontekstu samohipnoze \u2014 sustavu samoregulacije.","og_url":"https:\/\/sarancha.com\/hr\/ndth\/","og_site_name":"Dr. Sarancha","article_modified_time":"2026-03-28T09:04:10+00:00","og_image":[{"width":1280,"height":731,"url":"https:\/\/sarancha.com\/wp-content\/uploads\/photo-2026-02-04-08-35-12-3.jpg","type":"image\/jpeg"}],"twitter_card":"summary_large_image","twitter_misc":{"Procijenjeno vrijeme \u010ditanja":"3 minute"},"schema":{"@context":"https:\/\/schema.org","@graph":[{"@type":"WebPage","@id":"https:\/\/sarancha.com\/hr\/ndth\/","url":"https:\/\/sarancha.com\/hr\/ndth\/","name":"Neurodirektivna transformativna hipnoterapija (NDTH\u00ae) - Dr. Sarancha","isPartOf":{"@id":"https:\/\/sarancha.com\/hr\/#website"},"primaryImageOfPage":{"@id":"https:\/\/sarancha.com\/hr\/ndth\/#primaryimage"},"image":{"@id":"https:\/\/sarancha.com\/hr\/ndth\/#primaryimage"},"thumbnailUrl":"https:\/\/sarancha.com\/wp-content\/uploads\/photo-2026-02-04-08-35-12-3.jpg","datePublished":"2026-01-27T16:44:44+00:00","dateModified":"2026-03-28T09:04:10+00:00","description":"Rije\u010d je o cjelovitom sustavu mentalne regulacije i transformacije, a u kontekstu samohipnoze \u2014 sustavu samoregulacije.","breadcrumb":{"@id":"https:\/\/sarancha.com\/hr\/ndth\/#breadcrumb"},"inLanguage":"hr","potentialAction":[{"@type":"ReadAction","target":["https:\/\/sarancha.com\/hr\/ndth\/"]}]},{"@type":"ImageObject","inLanguage":"hr","@id":"https:\/\/sarancha.com\/hr\/ndth\/#primaryimage","url":"https:\/\/sarancha.com\/wp-content\/uploads\/photo-2026-02-04-08-35-12-3.jpg","contentUrl":"https:\/\/sarancha.com\/wp-content\/uploads\/photo-2026-02-04-08-35-12-3.jpg","width":1280,"height":731},{"@type":"BreadcrumbList","@id":"https:\/\/sarancha.com\/hr\/ndth\/#breadcrumb","itemListElement":[{"@type":"ListItem","position":1,"name":"Home","item":"https:\/\/sarancha.com\/hr\/"},{"@type":"ListItem","position":2,"name":"Neurodirektivna transformativna hipnoterapija (NDTH\u00ae)"}]},{"@type":"WebSite","@id":"https:\/\/sarancha.com\/hr\/#website","url":"https:\/\/sarancha.com\/hr\/","name":"Dr. Sarancha","description":"Kou\u010ding zdravlja od dr.Sarancha","potentialAction":[{"@type":"SearchAction","target":{"@type":"EntryPoint","urlTemplate":"https:\/\/sarancha.com\/hr\/?s={search_term_string}"},"query-input":{"@type":"PropertyValueSpecification","valueRequired":true,"valueName":"search_term_string"}}],"inLanguage":"hr"}]}},"_links":{"self":[{"href":"https:\/\/sarancha.com\/hr\/wp-json\/wp\/v2\/pages\/1818","targetHints":{"allow":["GET"]}}],"collection":[{"href":"https:\/\/sarancha.com\/hr\/wp-json\/wp\/v2\/pages"}],"about":[{"href":"https:\/\/sarancha.com\/hr\/wp-json\/wp\/v2\/types\/page"}],"author":[{"embeddable":true,"href":"https:\/\/sarancha.com\/hr\/wp-json\/wp\/v2\/users\/1"}],"replies":[{"embeddable":true,"href":"https:\/\/sarancha.com\/hr\/wp-json\/wp\/v2\/comments?post=1818"}],"version-history":[{"count":21,"href":"https:\/\/sarancha.com\/hr\/wp-json\/wp\/v2\/pages\/1818\/revisions"}],"predecessor-version":[{"id":2172,"href":"https:\/\/sarancha.com\/hr\/wp-json\/wp\/v2\/pages\/1818\/revisions\/2172"}],"wp:featuredmedia":[{"embeddable":true,"href":"https:\/\/sarancha.com\/hr\/wp-json\/wp\/v2\/media\/1910"}],"wp:attachment":[{"href":"https:\/\/sarancha.com\/hr\/wp-json\/wp\/v2\/media?parent=1818"}],"curies":[{"name":"wp","href":"https:\/\/api.w.org\/{rel}","templated":true}]}}