{"id":2011,"date":"2026-03-23T09:48:28","date_gmt":"2026-03-23T09:48:28","guid":{"rendered":"https:\/\/sarancha.com\/?page_id=2011"},"modified":"2026-03-24T09:50:30","modified_gmt":"2026-03-24T09:50:30","slug":"edukacije-seminari","status":"publish","type":"page","link":"https:\/\/sarancha.com\/hr\/edukacije-seminari\/","title":{"rendered":"Seminari"},"content":{"rendered":"\n<div class=\"wp-block-columns is-layout-flex wp-container-core-columns-is-layout-28f84493 wp-block-columns-is-layout-flex\">\n<div class=\"wp-block-column is-layout-flow wp-block-column-is-layout-flow\" style=\"flex-basis:100%\">\n<div class=\"wp-block-group is-vertical is-layout-flex wp-container-core-group-is-layout-fe9cc265 wp-block-group-is-layout-flex\">\n<div class=\"wp-block-columns are-vertically-aligned-top is-style-default is-layout-flex wp-container-core-columns-is-layout-28f84493 wp-block-columns-is-layout-flex\">\n<div class=\"wp-block-column is-vertically-aligned-top is-layout-flow wp-block-column-is-layout-flow\" style=\"flex-basis:100%\">\n<div class=\"wp-block-group alignfull has-border-color has-accent-4-border-color has-contrast-color has-base-background-color has-text-color has-background has-link-color wp-elements-59924be12997911b5c347d37cdc1709e has-global-padding is-content-justification-left is-layout-constrained wp-container-core-group-is-layout-432e8d84 wp-block-group-is-layout-constrained\" style=\"border-width:3px;border-top-left-radius:0px;border-top-right-radius:0px;border-bottom-left-radius:0px;border-bottom-right-radius:0px;margin-top:var(--wp--preset--spacing--20);margin-bottom:var(--wp--preset--spacing--20);padding-top:var(--wp--preset--spacing--20);padding-right:var(--wp--preset--spacing--20);padding-bottom:var(--wp--preset--spacing--20);padding-left:var(--wp--preset--spacing--20)\">\n<div class=\"wp-block-columns alignwide is-layout-flex wp-container-core-columns-is-layout-7ee84d44 wp-block-columns-is-layout-flex\">\n<div class=\"wp-block-column is-layout-flow wp-block-column-is-layout-flow\" style=\"flex-basis:100%\">\n<div class=\"wp-block-group is-vertical is-content-justification-stretch is-layout-flex wp-container-core-group-is-layout-353c4f5a wp-block-group-is-layout-flex\">\n<h2 class=\"wp-block-heading has-text-align-left is-style-text-subtitle has-x-large-font-size is-style-text-subtitle--1\"><strong>HIPNOTERAPIJA<\/strong><\/h2>\n\n\n\n<p class=\"is-style-text-subtitle has-large-font-size is-style-text-subtitle--2\">24-satni (trodnevni), u\u017eivo, uvodni seminar za psihoterapeute predstavlja intenzivno uranjanje u teoriju i praksu hipnoterapije. Sudionici prou\u010davaju:<\/p>\n\n\n\n<ul class=\"wp-block-list is-style-default\">\n<li class=\"has-medium-font-size\">Svijest, podsvijest i nesvjesno<\/li>\n\n\n\n<li class=\"has-medium-font-size\">Hipnoti\u010dki trans (neurofiziologija i faze)<\/li>\n\n\n\n<li class=\"has-medium-font-size\">Indikacije i kontraindikacije<\/li>\n\n\n\n<li class=\"has-medium-font-size\">Prve konzultacije i uspostavljanje povjerenja (raport)<\/li>\n\n\n\n<li class=\"has-medium-font-size\">Induciranje u trans<\/li>\n\n\n\n<li class=\"has-medium-font-size\">Znakove hipnoze<\/li>\n\n\n\n<li class=\"has-medium-font-size\">Tehnike produbljivanja i testiranje dubine transa<\/li>\n\n\n\n<li class=\"has-medium-font-size\">Abreakcije i pronala\u017eenje izvornog traumatskog doga\u0111aja<\/li>\n\n\n\n<li class=\"has-medium-font-size\">Upotrebu NLP-a u transu<\/li>\n\n\n\n<li class=\"has-medium-font-size\">Tehnike disocijacije<\/li>\n\n\n\n<li class=\"has-medium-font-size\">Hipnoanalizu<\/li>\n\n\n\n<li class=\"has-medium-font-size\">Regresivnu hipnozu<\/li>\n\n\n\n<li class=\"has-medium-font-size\">Rad s &#8220;dijelovima&#8221; (entitetima)<\/li>\n\n\n\n<li class=\"has-medium-font-size\">Hipnoti\u010dku progresiju<\/li>\n\n\n\n<li class=\"has-medium-font-size\">Posthipnoti\u010dke sugestije<\/li>\n\n\n\n<li class=\"has-medium-font-size\">Tehnike resursiranja<\/li>\n\n\n\n<li class=\"has-medium-font-size\">Izlazak iz transa i posthipnoti\u010dke reakcije<\/li>\n<\/ul>\n<\/div>\n<\/div>\n<\/div>\n\n\n\n<p class=\"has-text-align-left is-style-text-annotation has-small-font-size is-style-text-annotation--3\"><em><strong>Cijena:<\/strong> 1600 \u20ac po sudioniku (u Zagrebu, Hrvatska). <strong>Broj polaznika:<\/strong> minimalno 3 \u2013 maksimalno 8 osoba. <strong>Dodatni tro\u0161kovi:<\/strong> najam prostora (prethodno se dogovara s predava\u010dem. <strong>Kontaktirati<\/strong> preko emaila: <a href=\"mailto:info.detocre@gmail.com\" target=\"_blank\" rel=\"noreferrer noopener\">info.detocre@gmail.com<\/a>)<\/em><\/p>\n\n\n\n<div class=\"wp-block-media-text alignfull has-media-on-the-right is-stacked-on-mobile is-vertically-aligned-top has-border-color has-accent-4-border-color has-contrast-color has-base-background-color has-text-color has-background has-link-color wp-elements-c191e624afed4f1b4c4f0893cdbb97ab\" style=\"border-width:3px;margin-top:var(--wp--preset--spacing--20);margin-right:var(--wp--preset--spacing--20);margin-bottom:var(--wp--preset--spacing--20);margin-left:var(--wp--preset--spacing--20);padding-top:var(--wp--preset--spacing--20);padding-right:var(--wp--preset--spacing--20);padding-bottom:var(--wp--preset--spacing--20);padding-left:var(--wp--preset--spacing--20);grid-template-columns:auto 33%\"><div class=\"wp-block-media-text__content\">\n<div class=\"wp-block-columns alignwide is-layout-flex wp-container-core-columns-is-layout-7ee84d44 wp-block-columns-is-layout-flex\">\n<div class=\"wp-block-column is-layout-flow wp-block-column-is-layout-flow\" style=\"flex-basis:100%\">\n<div class=\"wp-block-group is-style-default has-global-padding is-layout-constrained wp-block-group-is-layout-constrained\">\n<h2 class=\"wp-block-heading has-text-align-left is-style-text-subtitle has-x-large-font-size is-style-text-subtitle--4\"><strong>HIPNOTI\u010cKI TRANS<\/strong><\/h2>\n\n\n\n<p class=\"is-style-text-subtitle has-large-font-size is-style-text-subtitle--5\">6-satni (jednodnevni), u\u017eivo, seminar za psihoterapeute predstavlja intenzivno uranjanje u teoriju i praksu rada s izmijenjenim stanjima svijesti. Sudionici prou\u010davaju:<\/p>\n\n\n\n<ul class=\"wp-block-list\">\n<li class=\"has-medium-font-size\" style=\"padding-top:0;padding-right:0;padding-bottom:0;padding-left:0\">Anatomiju, biologiju i neurofiziologiju ljudskog mozga<\/li>\n\n\n\n<li class=\"has-medium-font-size\" style=\"padding-top:0;padding-right:0;padding-bottom:0;padding-left:0\">Svijest, podsvijest i nesvjesno<\/li>\n\n\n\n<li class=\"has-medium-font-size\" style=\"padding-top:0;padding-right:0;padding-bottom:0;padding-left:0\">Hipnoti\u010dki trans (definiciju i faze)<\/li>\n\n\n\n<li class=\"has-medium-font-size\" style=\"padding-top:0;padding-right:0;padding-bottom:0;padding-left:0\">Kontraindikacije za rad u transnim stanjima<\/li>\n\n\n\n<li class=\"has-medium-font-size\" style=\"padding-top:0;padding-right:0;padding-bottom:0;padding-left:0\">Induciranje transa<\/li>\n\n\n\n<li class=\"has-medium-font-size\" style=\"padding-top:0;padding-right:0;padding-bottom:0;padding-left:0\">Znakove hipnoze i testiranje dubine transa<\/li>\n\n\n\n<li class=\"has-medium-font-size\" style=\"padding-top:0;padding-right:0;padding-bottom:0;padding-left:0\">Pravilan izlazak iz transa<\/li>\n\n\n\n<li class=\"has-medium-font-size\" style=\"padding-top:0;padding-right:0;padding-bottom:0;padding-left:0\">Vije\u017ebe<\/li>\n<\/ul>\n<\/div>\n<\/div>\n<\/div>\n\n\n\n<p class=\"has-text-align-left is-style-text-annotation has-small-font-size is-style-text-annotation--6\"><em> <a href=\"Cijena: 700 \u20ac po sudioniku (u Zagrebu)\nBroj polaznika: minimalno 5 osoba\nDodatni tro\u0161kovi: najam prostora (prethodno se dogovara s predava\u010dem)\"><strong>Cijena:<\/strong> 700 \u20ac po sudioniku (u Zagrebu). <strong>Broj polaznika:<\/strong> minimalno 5 osoba. <strong>Dodatni tro\u0161kovi:<\/strong> najam prostora (prethodno se dogovara s predava\u010dem)<\/a>.  <strong>Kontaktirati<\/strong> preko emaila: <a href=\"mailto:info.detocre@gmail.com\" target=\"_blank\" rel=\"noreferrer noopener\">info.detocre@gmail.com<\/a>)<\/em><\/p>\n<\/div><figure class=\"wp-block-media-text__media\"><img loading=\"lazy\" decoding=\"async\" width=\"644\" height=\"1024\" src=\"https:\/\/sarancha.com\/wp-content\/uploads\/hypnotherapy-enriched.-cover-final-1-644x1024.jpg\" alt=\"\" class=\"wp-image-2094 size-full\" srcset=\"https:\/\/sarancha.com\/wp-content\/uploads\/hypnotherapy-enriched.-cover-final-1-644x1024.jpg 644w, https:\/\/sarancha.com\/wp-content\/uploads\/hypnotherapy-enriched.-cover-final-1-189x300.jpg 189w, https:\/\/sarancha.com\/wp-content\/uploads\/hypnotherapy-enriched.-cover-final-1-768x1222.jpg 768w, https:\/\/sarancha.com\/wp-content\/uploads\/hypnotherapy-enriched.-cover-final-1-965x1536.jpg 965w, https:\/\/sarancha.com\/wp-content\/uploads\/hypnotherapy-enriched.-cover-final-1-1287x2048.jpg 1287w, https:\/\/sarancha.com\/wp-content\/uploads\/hypnotherapy-enriched.-cover-final-1-600x955.jpg 600w, https:\/\/sarancha.com\/wp-content\/uploads\/hypnotherapy-enriched.-cover-final-1.jpg 1587w\" sizes=\"auto, (max-width: 644px) 100vw, 644px\" \/><\/figure><\/div>\n<\/div>\n<\/div>\n<\/div>\n<\/div>\n<\/div>\n<\/div>\n\n\n\n<div class=\"wp-block-group alignfull is-style-default has-border-color has-accent-4-border-color has-contrast-color has-base-background-color has-text-color has-background has-link-color wp-elements-dca6df65f1c58bae5029ebd368c2f5e7 has-global-padding is-layout-constrained wp-container-core-group-is-layout-ae1485a4 wp-block-group-is-layout-constrained\" style=\"border-width:3px;margin-top:var(--wp--preset--spacing--20);margin-bottom:var(--wp--preset--spacing--20);padding-top:var(--wp--preset--spacing--20);padding-right:var(--wp--preset--spacing--20);padding-bottom:var(--wp--preset--spacing--20);padding-left:var(--wp--preset--spacing--20)\">\n<div class=\"wp-block-columns alignwide is-layout-flex wp-container-core-columns-is-layout-7ee84d44 wp-block-columns-is-layout-flex\">\n<div class=\"wp-block-column is-layout-flow wp-block-column-is-layout-flow\" style=\"flex-basis:100%\">\n<div class=\"wp-block-group is-vertical is-content-justification-stretch is-layout-flex wp-container-core-group-is-layout-353c4f5a wp-block-group-is-layout-flex\">\n<h2 class=\"wp-block-heading has-text-align-left is-style-text-subtitle has-x-large-font-size is-style-text-subtitle--7\"><strong>RAD S PSIHODELICIMA<\/strong><\/h2>\n\n\n\n<p class=\"is-style-text-subtitle has-large-font-size is-style-text-subtitle--8\" style=\"margin-top:0;margin-right:0;margin-bottom:0;margin-left:0;padding-top:0;padding-right:0;padding-bottom:0;padding-left:0\">5-satni, u\u017eivo, jednodnevni edukacijski seminar za psihoterapeute predstavlja intenzivno uranjanje u teoriju i praksu rada s psihodelicima u izmijenjenom stanju svijesti. Sudionici prou\u010davaju:<\/p>\n\n\n\n<ul class=\"wp-block-list\">\n<li class=\"has-medium-font-size\">Povijest nastanka i razvoja PAT-a (psihodeli\u010dno potpomognute terapije)<\/li>\n\n\n\n<li class=\"has-medium-font-size\">Biologiju, biokemiju i psihoneurofiziologiju<\/li>\n\n\n\n<li class=\"has-medium-font-size\">Indikacije i kontraindikacije<\/li>\n\n\n\n<li class=\"has-medium-font-size\">Mikrodoziranje i makrodoziranje (muscimol, psilocibin)<\/li>\n\n\n\n<li class=\"has-medium-font-size\">Rad s klijentom u biolo\u0161ki induciranom transu (pravila, faze, tehnike)<\/li>\n\n\n\n<li class=\"has-medium-font-size\">Integraciju nakon seanse<\/li>\n<\/ul>\n<\/div>\n<\/div>\n<\/div>\n\n\n\n<p class=\"is-style-text-annotation has-small-font-size is-style-text-annotation--9\"><a href=\"Cijena: 500 \u20ac po sudioniku (u Zagrebu)\nBroj polaznika: minimalno 5 osoba\nDodatni tro\u0161kovi: najam prostora (prethodno se dogovara s predava\u010dem)\"><em><strong>Cijena:<\/strong> 500 \u20ac po sudioniku (u Zagrebu). <strong>Broj polaznika:<\/strong> minimalno 5 osoba. <strong>Dodatni tro\u0161kovi:<\/strong> najam prostora (prethodno se dogovara s predava\u010dem)<\/em><\/a>. <em><strong>Kontaktirati<\/strong> preko emaila: <a href=\"mailto:info.detocre@gmail.com\" target=\"_blank\" rel=\"noreferrer noopener\">info.detocre@gmail.com<\/a>)<\/em><\/p>\n\n\n\n<div class=\"wp-block-cover alignwide is-light has-custom-content-position is-position-top-left has-border-color has-accent-4-border-color has-contrast-color has-text-color has-link-color wp-elements-7faf785dbd3bf143cc9eff29b534fca1\" style=\"margin-top:var(--wp--preset--spacing--20);margin-bottom:var(--wp--preset--spacing--20);padding-top:var(--wp--preset--spacing--20);padding-right:var(--wp--preset--spacing--20);padding-bottom:var(--wp--preset--spacing--20);padding-left:var(--wp--preset--spacing--20);min-height:448px;aspect-ratio:unset;\"><span aria-hidden=\"true\" class=\"wp-block-cover__background has-base-background-color has-background-dim-0 has-background-dim\"><\/span><div class=\"wp-block-cover__inner-container has-global-padding is-layout-constrained wp-container-core-cover-is-layout-ae1485a4 wp-block-cover-is-layout-constrained\">\n<div class=\"wp-block-columns alignwide is-layout-flex wp-container-core-columns-is-layout-7ee84d44 wp-block-columns-is-layout-flex\">\n<div class=\"wp-block-column is-layout-flow wp-block-column-is-layout-flow\" style=\"flex-basis:100%\">\n<div class=\"wp-block-group is-vertical is-content-justification-stretch is-layout-flex wp-container-core-group-is-layout-353c4f5a wp-block-group-is-layout-flex\">\n<h2 class=\"wp-block-heading has-text-align-left is-style-text-subtitle has-x-large-font-size is-style-text-subtitle--10\"><strong>SAMOHIPNOZA<\/strong><\/h2>\n\n\n\n<p class=\"is-style-text-subtitle has-large-font-size is-style-text-subtitle--11\">5-satni, u\u017eivo, jednodnevni edukacijski seminar predstavlja intenzivno uranjanje u teoriju i praksu samohipnoze. Sudionici prou\u010davaju:<\/p>\n\n\n\n<ul class=\"wp-block-list\">\n<li class=\"has-medium-font-size\">Psihoneurofiziologiju i definiciju transa<\/li>\n\n\n\n<li class=\"has-medium-font-size\">Kontraindikacije za rad u izmijenjenim stanjima svijesti<\/li>\n\n\n\n<li class=\"has-medium-font-size\">Pripremu za seansu samohipnoze<\/li>\n\n\n\n<li class=\"has-medium-font-size\">Strukturu i faze seanse samohipnoze (afirmacije, indukcije, pra\u0107enje dubine, posthipnoti\u010dke sugestije, izlazak iz transa ili prijelaz u san)<\/li>\n\n\n\n<li class=\"has-medium-font-size\">Principe neuroplasti\u010dnosti i integracije<\/li>\n\n\n\n<li class=\"has-medium-font-size\">Vije\u017ebe<\/li>\n<\/ul>\n<\/div>\n<\/div>\n<\/div>\n\n\n\n<p class=\"is-style-text-annotation has-small-font-size is-style-text-annotation--12\"><em><strong>Cijena:<\/strong> 500 \u20ac po sudioniku (u Zagrebu). <strong>Broj polaznika:<\/strong> minimalno 5 osoba. <strong>Dodatni tro\u0161kovi:<\/strong> najam prostora (prethodno se dogovara s predava\u010dem). <strong>Kontaktirati<\/strong> preko emaila: <a href=\"mailto:info.detocre@gmail.com\" target=\"_blank\" rel=\"noreferrer noopener\">info.detocre@gmail.com<\/a>)<\/em><\/p>\n<\/div><\/div>\n<\/div>\n","protected":false},"excerpt":{"rendered":"<p>HIPNOTERAPIJA 24-satni (trodnevni), u\u017eivo, uvodni seminar za psihoterapeute predstavlja intenzivno uranjanje u teoriju i praksu hipnoterapije. Sudionici prou\u010davaju: Cijena: 1600 \u20ac po sudioniku (u Zagrebu, Hrvatska). Broj polaznika: minimalno 3 \u2013 maksimalno 8 osoba. Dodatni tro\u0161kovi: najam prostora (prethodno se dogovara s predava\u010dem. Kontaktirati preko emaila: info.detocre@gmail.com) HIPNOTI\u010cKI TRANS 6-satni (jednodnevni), u\u017eivo, seminar za psihoterapeute [&hellip;]<\/p>\n","protected":false},"author":1,"featured_media":632,"parent":0,"menu_order":0,"comment_status":"closed","ping_status":"closed","template":"","meta":{"inline_featured_image":false,"footnotes":""},"class_list":["post-2011","page","type-page","status-publish","has-post-thumbnail","hentry"],"yoast_head":"<!-- This site is optimized with the Yoast SEO plugin v27.5 - https:\/\/yoast.com\/product\/yoast-seo-wordpress\/ -->\n<title>Seminari - Dr. Sarancha<\/title>\n<meta name=\"robots\" content=\"index, follow, max-snippet:-1, max-image-preview:large, max-video-preview:-1\" \/>\n<link rel=\"canonical\" href=\"https:\/\/sarancha.com\/hr\/edukacije-seminari\/\" \/>\n<meta property=\"og:locale\" content=\"hr_HR\" \/>\n<meta property=\"og:type\" content=\"article\" \/>\n<meta property=\"og:title\" content=\"Seminari - Dr. Sarancha\" \/>\n<meta property=\"og:description\" content=\"HIPNOTERAPIJA 24-satni (trodnevni), u\u017eivo, uvodni seminar za psihoterapeute predstavlja intenzivno uranjanje u teoriju i praksu hipnoterapije. Sudionici prou\u010davaju: Cijena: 1600 \u20ac po sudioniku (u Zagrebu, Hrvatska). Broj polaznika: minimalno 3 \u2013 maksimalno 8 osoba. Dodatni tro\u0161kovi: najam prostora (prethodno se dogovara s predava\u010dem. Kontaktirati preko emaila: info.detocre@gmail.com) HIPNOTI\u010cKI TRANS 6-satni (jednodnevni), u\u017eivo, seminar za psihoterapeute [&hellip;]\" \/>\n<meta property=\"og:url\" content=\"https:\/\/sarancha.com\/hr\/edukacije-seminari\/\" \/>\n<meta property=\"og:site_name\" content=\"Dr. Sarancha\" \/>\n<meta property=\"article:modified_time\" content=\"2026-03-24T09:50:30+00:00\" \/>\n<meta property=\"og:image\" content=\"https:\/\/sarancha.com\/wp-content\/uploads\/2025\/03\/table-wood-house-chair-floor-window.jpg\" \/>\n\t<meta property=\"og:image:width\" content=\"2507\" \/>\n\t<meta property=\"og:image:height\" content=\"1673\" \/>\n\t<meta property=\"og:image:type\" content=\"image\/jpeg\" \/>\n<meta name=\"twitter:card\" content=\"summary_large_image\" \/>\n<meta name=\"twitter:label1\" content=\"Procijenjeno vrijeme \u010ditanja\" \/>\n\t<meta name=\"twitter:data1\" content=\"2 minute\" \/>\n<script type=\"application\/ld+json\" class=\"yoast-schema-graph\">{\"@context\":\"https:\\\/\\\/schema.org\",\"@graph\":[{\"@type\":\"WebPage\",\"@id\":\"https:\\\/\\\/sarancha.com\\\/hr\\\/edukacije-seminari\\\/\",\"url\":\"https:\\\/\\\/sarancha.com\\\/hr\\\/edukacije-seminari\\\/\",\"name\":\"Seminari - Dr. Sarancha\",\"isPartOf\":{\"@id\":\"https:\\\/\\\/sarancha.com\\\/hr\\\/#website\"},\"primaryImageOfPage\":{\"@id\":\"https:\\\/\\\/sarancha.com\\\/hr\\\/edukacije-seminari\\\/#primaryimage\"},\"image\":{\"@id\":\"https:\\\/\\\/sarancha.com\\\/hr\\\/edukacije-seminari\\\/#primaryimage\"},\"thumbnailUrl\":\"https:\\\/\\\/sarancha.com\\\/wp-content\\\/uploads\\\/2025\\\/03\\\/table-wood-house-chair-floor-window.jpg\",\"datePublished\":\"2026-03-23T09:48:28+00:00\",\"dateModified\":\"2026-03-24T09:50:30+00:00\",\"breadcrumb\":{\"@id\":\"https:\\\/\\\/sarancha.com\\\/hr\\\/edukacije-seminari\\\/#breadcrumb\"},\"inLanguage\":\"hr\",\"potentialAction\":[{\"@type\":\"ReadAction\",\"target\":[\"https:\\\/\\\/sarancha.com\\\/hr\\\/edukacije-seminari\\\/\"]}]},{\"@type\":\"ImageObject\",\"inLanguage\":\"hr\",\"@id\":\"https:\\\/\\\/sarancha.com\\\/hr\\\/edukacije-seminari\\\/#primaryimage\",\"url\":\"https:\\\/\\\/sarancha.com\\\/wp-content\\\/uploads\\\/2025\\\/03\\\/table-wood-house-chair-floor-window.jpg\",\"contentUrl\":\"https:\\\/\\\/sarancha.com\\\/wp-content\\\/uploads\\\/2025\\\/03\\\/table-wood-house-chair-floor-window.jpg\",\"width\":2507,\"height\":1673},{\"@type\":\"BreadcrumbList\",\"@id\":\"https:\\\/\\\/sarancha.com\\\/hr\\\/edukacije-seminari\\\/#breadcrumb\",\"itemListElement\":[{\"@type\":\"ListItem\",\"position\":1,\"name\":\"Home\",\"item\":\"https:\\\/\\\/sarancha.com\\\/hr\\\/\"},{\"@type\":\"ListItem\",\"position\":2,\"name\":\"Seminari\"}]},{\"@type\":\"WebSite\",\"@id\":\"https:\\\/\\\/sarancha.com\\\/hr\\\/#website\",\"url\":\"https:\\\/\\\/sarancha.com\\\/hr\\\/\",\"name\":\"Dr. Sarancha\",\"description\":\"Kou\u010ding zdravlja od dr.Sarancha\",\"potentialAction\":[{\"@type\":\"SearchAction\",\"target\":{\"@type\":\"EntryPoint\",\"urlTemplate\":\"https:\\\/\\\/sarancha.com\\\/hr\\\/?s={search_term_string}\"},\"query-input\":{\"@type\":\"PropertyValueSpecification\",\"valueRequired\":true,\"valueName\":\"search_term_string\"}}],\"inLanguage\":\"hr\"}]}<\/script>\n<!-- \/ Yoast SEO plugin. -->","yoast_head_json":{"title":"Seminari - Dr. Sarancha","robots":{"index":"index","follow":"follow","max-snippet":"max-snippet:-1","max-image-preview":"max-image-preview:large","max-video-preview":"max-video-preview:-1"},"canonical":"https:\/\/sarancha.com\/hr\/edukacije-seminari\/","og_locale":"hr_HR","og_type":"article","og_title":"Seminari - Dr. Sarancha","og_description":"HIPNOTERAPIJA 24-satni (trodnevni), u\u017eivo, uvodni seminar za psihoterapeute predstavlja intenzivno uranjanje u teoriju i praksu hipnoterapije. Sudionici prou\u010davaju: Cijena: 1600 \u20ac po sudioniku (u Zagrebu, Hrvatska). Broj polaznika: minimalno 3 \u2013 maksimalno 8 osoba. Dodatni tro\u0161kovi: najam prostora (prethodno se dogovara s predava\u010dem. Kontaktirati preko emaila: info.detocre@gmail.com) HIPNOTI\u010cKI TRANS 6-satni (jednodnevni), u\u017eivo, seminar za psihoterapeute [&hellip;]","og_url":"https:\/\/sarancha.com\/hr\/edukacije-seminari\/","og_site_name":"Dr. Sarancha","article_modified_time":"2026-03-24T09:50:30+00:00","og_image":[{"width":2507,"height":1673,"url":"https:\/\/sarancha.com\/wp-content\/uploads\/2025\/03\/table-wood-house-chair-floor-window.jpg","type":"image\/jpeg"}],"twitter_card":"summary_large_image","twitter_misc":{"Procijenjeno vrijeme \u010ditanja":"2 minute"},"schema":{"@context":"https:\/\/schema.org","@graph":[{"@type":"WebPage","@id":"https:\/\/sarancha.com\/hr\/edukacije-seminari\/","url":"https:\/\/sarancha.com\/hr\/edukacije-seminari\/","name":"Seminari - Dr. Sarancha","isPartOf":{"@id":"https:\/\/sarancha.com\/hr\/#website"},"primaryImageOfPage":{"@id":"https:\/\/sarancha.com\/hr\/edukacije-seminari\/#primaryimage"},"image":{"@id":"https:\/\/sarancha.com\/hr\/edukacije-seminari\/#primaryimage"},"thumbnailUrl":"https:\/\/sarancha.com\/wp-content\/uploads\/2025\/03\/table-wood-house-chair-floor-window.jpg","datePublished":"2026-03-23T09:48:28+00:00","dateModified":"2026-03-24T09:50:30+00:00","breadcrumb":{"@id":"https:\/\/sarancha.com\/hr\/edukacije-seminari\/#breadcrumb"},"inLanguage":"hr","potentialAction":[{"@type":"ReadAction","target":["https:\/\/sarancha.com\/hr\/edukacije-seminari\/"]}]},{"@type":"ImageObject","inLanguage":"hr","@id":"https:\/\/sarancha.com\/hr\/edukacije-seminari\/#primaryimage","url":"https:\/\/sarancha.com\/wp-content\/uploads\/2025\/03\/table-wood-house-chair-floor-window.jpg","contentUrl":"https:\/\/sarancha.com\/wp-content\/uploads\/2025\/03\/table-wood-house-chair-floor-window.jpg","width":2507,"height":1673},{"@type":"BreadcrumbList","@id":"https:\/\/sarancha.com\/hr\/edukacije-seminari\/#breadcrumb","itemListElement":[{"@type":"ListItem","position":1,"name":"Home","item":"https:\/\/sarancha.com\/hr\/"},{"@type":"ListItem","position":2,"name":"Seminari"}]},{"@type":"WebSite","@id":"https:\/\/sarancha.com\/hr\/#website","url":"https:\/\/sarancha.com\/hr\/","name":"Dr. Sarancha","description":"Kou\u010ding zdravlja od dr.Sarancha","potentialAction":[{"@type":"SearchAction","target":{"@type":"EntryPoint","urlTemplate":"https:\/\/sarancha.com\/hr\/?s={search_term_string}"},"query-input":{"@type":"PropertyValueSpecification","valueRequired":true,"valueName":"search_term_string"}}],"inLanguage":"hr"}]}},"_links":{"self":[{"href":"https:\/\/sarancha.com\/hr\/wp-json\/wp\/v2\/pages\/2011","targetHints":{"allow":["GET"]}}],"collection":[{"href":"https:\/\/sarancha.com\/hr\/wp-json\/wp\/v2\/pages"}],"about":[{"href":"https:\/\/sarancha.com\/hr\/wp-json\/wp\/v2\/types\/page"}],"author":[{"embeddable":true,"href":"https:\/\/sarancha.com\/hr\/wp-json\/wp\/v2\/users\/1"}],"replies":[{"embeddable":true,"href":"https:\/\/sarancha.com\/hr\/wp-json\/wp\/v2\/comments?post=2011"}],"version-history":[{"count":8,"href":"https:\/\/sarancha.com\/hr\/wp-json\/wp\/v2\/pages\/2011\/revisions"}],"predecessor-version":[{"id":2105,"href":"https:\/\/sarancha.com\/hr\/wp-json\/wp\/v2\/pages\/2011\/revisions\/2105"}],"wp:featuredmedia":[{"embeddable":true,"href":"https:\/\/sarancha.com\/hr\/wp-json\/wp\/v2\/media\/632"}],"wp:attachment":[{"href":"https:\/\/sarancha.com\/hr\/wp-json\/wp\/v2\/media?parent=2011"}],"curies":[{"name":"wp","href":"https:\/\/api.w.org\/{rel}","templated":true}]}}