{"id":281,"date":"2023-08-25T20:03:45","date_gmt":"2023-08-25T20:03:45","guid":{"rendered":"https:\/\/sarancha.com\/o-meni\/"},"modified":"2026-02-12T07:25:48","modified_gmt":"2026-02-12T07:25:48","slug":"transformacija-hipnoterapija-ndth","status":"publish","type":"page","link":"https:\/\/sarancha.com\/hr\/transformacija-hipnoterapija-ndth\/","title":{"rendered":"\u017divotopis"},"content":{"rendered":"\n<p><strong><b>Vitaliy Sarancha, <\/b>dr. sc.,dr. med.<\/strong> je lije\u010dnik sa sjedi\u0161tem u Hrvatskoj, porijeklom iz Ukrajine, s bogatim iskustvom u medicini, upravljanju zdravstvenim sustavima i integrativnim metodama iscjeljivanja. Diplomirao je na Nacionalnom medicinskom sveu\u010dili\u0161tu u Ukrajini te je zapo\u010deo svoju karijeru kao <strong>lije\u010dnik obiteljske medicine<\/strong>. Godine 2006. prelazi u privatni sektor, gdje je obna\u0161ao funkcije u podru\u010dju nekretnina i trgovine vrijednosnim papirima. U tom je razdoblju tako\u0111er sudjelovao u ulaganjima u zdravstveni sektor u regiji Kijeva.<\/p>\n\n\n\n<figure class=\"wp-block-image alignleft size-large is-resized\" style=\"margin-bottom:var(--wp--preset--spacing--30)\"><img decoding=\"async\" src=\"https:\/\/sarancha.com\/wp-content\/uploads\/2024\/12\/Dr.Sarancha-avatar-1-1024x1024.jpg\" alt=\"\" class=\"wp-image-164\" style=\"width:520px;height:auto\"\/><\/figure>\n\n\n\n<p>Godine 2013. dr. Sarancha seli u Hrvatsku, gdje je <strong>doktorirao<\/strong> na Medicinskom fakultetu Sveu\u010dili\u0161ta u Zagrebu te se vratio klini\u010dkoj medicini. Godine 2021. osniva i postaje predsjednik <strong>Me\u0111unarodne asocijacije za informacijsku medicinu<\/strong>, nevladine organizacije posve\u0107ene razvoju medicinskih metoda koje integriraju konvencionalni i alternativni pristup, uklju\u010duju\u0107i biorezonancu, terapiju crvenim svjetlom, ozonsku autohemoterapiju, krioterapiju, hiperbari\u010dnu oksigenoterapiju i hipnoterapiju. Sura\u0111uje s Medicinskim fakultetom Sveu\u010dili\u0161ta u Zagrebu kako bi osigurao znanstvenu utemeljenost i rigorozno testiranje svojih metoda. Njegov rad predstavlja pionirski napor u transformaciji lije\u010denja kroni\u010dnih bolesti kroz spajanje tradicionalne i komplementarne medicine.<\/p>\n\n\n\n<p>Jedan od njegovih doprinosa je metoda <strong>Detocre<\/strong>, inovativan pristup rje\u0161avanju problema pretilosti koji kombinira psiholo\u0161ku korekciju i fizi\u010dke tretmane. Ova metoda poma\u017ee pacijentima suo\u010diti se s duboko ukorijenjenim navikama povezanim s prejedanjem.<\/p>\n\n\n\n<p>Kao <strong>hipnoterapeut<\/strong>, autor je poznat po svom radu s osobama koje se suo\u010davaju sa sindromom sagorijevanja, egzistencijalnim umorom, gubitkom identiteta, traumama u odnosima, krizom srednjih godina, traumama povezanim s naslje\u0111em, anksioznosti vezanoj uz ostav\u0161tinu, dugovje\u010dnosti i mentalnom pripremom za zdravu starost. Kroz hipnozu poma\u017ee ljudima napraviti pozitivne promjene u \u017eivotu.<\/p>\n\n\n\n<p>Dr. Sarancha tako\u0111er istra\u017euje integraciju hipnoterapije s psihodeli\u010dnim iskustvima, poznatu kao <strong>hipnoterapija potpomognuta psihodelicima<\/strong>. Ovo novo podru\u010dje uklju\u010duje kori\u0161tenje psihodelika u kombinaciji s terapijskim tehnikama, s ciljem pove\u0107anja u\u010dinkovitosti tretmana.<\/p>\n\n\n\n<p>Trenutno dr. Sarancha djeluje u Zagrebu i sudjeluje u razli\u010ditim me\u0111unarodnim medicinskim projektima poput razvoja vlastitog sistema <strong>Neurodirektivne Transformativne Hipnoterapije (NDTH)<\/strong>.<\/p>\n\n\n\n<p>Osim klini\u010dkog rada, posve\u0107en je tome da svoje inovativne terapije u\u010dini dostupnijima \u0161iroj publici putem online platformi, te organizira <strong>personalizirane retreatove<\/strong> izvan grada koji su usmjereni na detoksikaciju i regeneraciju uma i tijela svojih klijenata.<\/p>\n\n\n\n<p>Izvan profesionalnog \u017eivota, u\u017eiva u glazbi, umjetnosti i putovanjima sa svojom obitelji i prijateljima.<\/p>\n\n\n\n<p>Godine 2024. objavljena je prva autorova knjiga pod nazivom <em>&#8220;<\/em><strong>Prestanite biti bolesni!&#8221;<\/strong>. Nova autorova knjiga <strong>&#8220;Hipnoterapija: Demistifikacija hipnoze u terapeutske svrhe&#8221;<\/strong> iza\u0161la 8. kolovoza 2025. Obje knjige mo\u017eete prona\u0107i na sljede\u0107em linku.<\/p>\n\n\n\n<div class=\"wp-block-buttons is-layout-flex wp-block-buttons-is-layout-flex\">\n<div class=\"wp-block-button\"><a class=\"wp-block-button__link has-contrast-background-color has-background wp-element-button\" href=\"https:\/\/www.amazon.com\/dp\/B0DPTBQ24G\" target=\"_blank\" rel=\"noreferrer noopener\">kupiti na <strong>Amazon<\/strong><\/a><\/div>\n<\/div>\n","protected":false},"excerpt":{"rendered":"<p>Vitaliy Sarancha, dr. sc.,dr. med. je lije\u010dnik sa sjedi\u0161tem u Hrvatskoj, porijeklom iz Ukrajine, s bogatim iskustvom u medicini, upravljanju zdravstvenim sustavima i integrativnim metodama iscjeljivanja. Diplomirao je na Nacionalnom medicinskom sveu\u010dili\u0161tu u Ukrajini te je zapo\u010deo svoju karijeru kao lije\u010dnik obiteljske medicine. Godine 2006. prelazi u privatni sektor, gdje je obna\u0161ao funkcije u podru\u010dju [&hellip;]<\/p>\n","protected":false},"author":1,"featured_media":0,"parent":0,"menu_order":0,"comment_status":"closed","ping_status":"closed","template":"","meta":{"inline_featured_image":false,"footnotes":""},"class_list":["post-281","page","type-page","status-publish","hentry"],"yoast_head":"<!-- This site is optimized with the Yoast SEO plugin v27.3 - https:\/\/yoast.com\/product\/yoast-seo-wordpress\/ -->\n<title>\u017divotopis - Dr. Sarancha<\/title>\n<meta name=\"description\" content=\"Transformacija i hipnoterapija prema sistemu NDTH. Brzo, sigurno, efikasno. Vitaliy Sarancha MD, PhD jam\u010di rezultat.\" \/>\n<meta name=\"robots\" content=\"index, follow, max-snippet:-1, max-image-preview:large, max-video-preview:-1\" \/>\n<link rel=\"canonical\" href=\"https:\/\/sarancha.com\/hr\/transformacija-hipnoterapija-ndth\/\" \/>\n<meta property=\"og:locale\" content=\"hr_HR\" \/>\n<meta property=\"og:type\" content=\"article\" \/>\n<meta property=\"og:title\" content=\"\u017divotopis - Dr. Sarancha\" \/>\n<meta property=\"og:description\" content=\"Transformacija i hipnoterapija prema sistemu NDTH. Brzo, sigurno, efikasno. Vitaliy Sarancha MD, PhD jam\u010di rezultat.\" \/>\n<meta property=\"og:url\" content=\"https:\/\/sarancha.com\/hr\/transformacija-hipnoterapija-ndth\/\" \/>\n<meta property=\"og:site_name\" content=\"Dr. Sarancha\" \/>\n<meta property=\"article:modified_time\" content=\"2026-02-12T07:25:48+00:00\" \/>\n<meta name=\"twitter:card\" content=\"summary_large_image\" \/>\n<meta name=\"twitter:label1\" content=\"Procijenjeno vrijeme \u010ditanja\" \/>\n\t<meta name=\"twitter:data1\" content=\"2 minute\" \/>\n<script type=\"application\/ld+json\" class=\"yoast-schema-graph\">{\"@context\":\"https:\\\/\\\/schema.org\",\"@graph\":[{\"@type\":\"WebPage\",\"@id\":\"https:\\\/\\\/sarancha.com\\\/hr\\\/transformacija-hipnoterapija-ndth\\\/\",\"url\":\"https:\\\/\\\/sarancha.com\\\/hr\\\/transformacija-hipnoterapija-ndth\\\/\",\"name\":\"\u017divotopis - Dr. Sarancha\",\"isPartOf\":{\"@id\":\"https:\\\/\\\/sarancha.com\\\/hr\\\/#website\"},\"primaryImageOfPage\":{\"@id\":\"https:\\\/\\\/sarancha.com\\\/hr\\\/transformacija-hipnoterapija-ndth\\\/#primaryimage\"},\"image\":{\"@id\":\"https:\\\/\\\/sarancha.com\\\/hr\\\/transformacija-hipnoterapija-ndth\\\/#primaryimage\"},\"thumbnailUrl\":\"https:\\\/\\\/sarancha.com\\\/wp-content\\\/uploads\\\/2024\\\/12\\\/Dr.Sarancha-avatar-1-1024x1024.jpg\",\"datePublished\":\"2023-08-25T20:03:45+00:00\",\"dateModified\":\"2026-02-12T07:25:48+00:00\",\"description\":\"Transformacija i hipnoterapija prema sistemu NDTH. Brzo, sigurno, efikasno. Vitaliy Sarancha MD, PhD jam\u010di rezultat.\",\"breadcrumb\":{\"@id\":\"https:\\\/\\\/sarancha.com\\\/hr\\\/transformacija-hipnoterapija-ndth\\\/#breadcrumb\"},\"inLanguage\":\"hr\",\"potentialAction\":[{\"@type\":\"ReadAction\",\"target\":[\"https:\\\/\\\/sarancha.com\\\/hr\\\/transformacija-hipnoterapija-ndth\\\/\"]}]},{\"@type\":\"ImageObject\",\"inLanguage\":\"hr\",\"@id\":\"https:\\\/\\\/sarancha.com\\\/hr\\\/transformacija-hipnoterapija-ndth\\\/#primaryimage\",\"url\":\"https:\\\/\\\/sarancha.com\\\/wp-content\\\/uploads\\\/2024\\\/12\\\/Dr.Sarancha-avatar-1-1024x1024.jpg\",\"contentUrl\":\"https:\\\/\\\/sarancha.com\\\/wp-content\\\/uploads\\\/2024\\\/12\\\/Dr.Sarancha-avatar-1-1024x1024.jpg\"},{\"@type\":\"BreadcrumbList\",\"@id\":\"https:\\\/\\\/sarancha.com\\\/hr\\\/transformacija-hipnoterapija-ndth\\\/#breadcrumb\",\"itemListElement\":[{\"@type\":\"ListItem\",\"position\":1,\"name\":\"Home\",\"item\":\"https:\\\/\\\/sarancha.com\\\/hr\\\/\"},{\"@type\":\"ListItem\",\"position\":2,\"name\":\"\u017divotopis\"}]},{\"@type\":\"WebSite\",\"@id\":\"https:\\\/\\\/sarancha.com\\\/hr\\\/#website\",\"url\":\"https:\\\/\\\/sarancha.com\\\/hr\\\/\",\"name\":\"Dr. Sarancha\",\"description\":\"Kou\u010ding zdravlja od dr.Sarancha\",\"potentialAction\":[{\"@type\":\"SearchAction\",\"target\":{\"@type\":\"EntryPoint\",\"urlTemplate\":\"https:\\\/\\\/sarancha.com\\\/hr\\\/?s={search_term_string}\"},\"query-input\":{\"@type\":\"PropertyValueSpecification\",\"valueRequired\":true,\"valueName\":\"search_term_string\"}}],\"inLanguage\":\"hr\"}]}<\/script>\n<!-- \/ Yoast SEO plugin. -->","yoast_head_json":{"title":"\u017divotopis - Dr. Sarancha","description":"Transformacija i hipnoterapija prema sistemu NDTH. Brzo, sigurno, efikasno. Vitaliy Sarancha MD, PhD jam\u010di rezultat.","robots":{"index":"index","follow":"follow","max-snippet":"max-snippet:-1","max-image-preview":"max-image-preview:large","max-video-preview":"max-video-preview:-1"},"canonical":"https:\/\/sarancha.com\/hr\/transformacija-hipnoterapija-ndth\/","og_locale":"hr_HR","og_type":"article","og_title":"\u017divotopis - Dr. Sarancha","og_description":"Transformacija i hipnoterapija prema sistemu NDTH. Brzo, sigurno, efikasno. Vitaliy Sarancha MD, PhD jam\u010di rezultat.","og_url":"https:\/\/sarancha.com\/hr\/transformacija-hipnoterapija-ndth\/","og_site_name":"Dr. Sarancha","article_modified_time":"2026-02-12T07:25:48+00:00","twitter_card":"summary_large_image","twitter_misc":{"Procijenjeno vrijeme \u010ditanja":"2 minute"},"schema":{"@context":"https:\/\/schema.org","@graph":[{"@type":"WebPage","@id":"https:\/\/sarancha.com\/hr\/transformacija-hipnoterapija-ndth\/","url":"https:\/\/sarancha.com\/hr\/transformacija-hipnoterapija-ndth\/","name":"\u017divotopis - Dr. Sarancha","isPartOf":{"@id":"https:\/\/sarancha.com\/hr\/#website"},"primaryImageOfPage":{"@id":"https:\/\/sarancha.com\/hr\/transformacija-hipnoterapija-ndth\/#primaryimage"},"image":{"@id":"https:\/\/sarancha.com\/hr\/transformacija-hipnoterapija-ndth\/#primaryimage"},"thumbnailUrl":"https:\/\/sarancha.com\/wp-content\/uploads\/2024\/12\/Dr.Sarancha-avatar-1-1024x1024.jpg","datePublished":"2023-08-25T20:03:45+00:00","dateModified":"2026-02-12T07:25:48+00:00","description":"Transformacija i hipnoterapija prema sistemu NDTH. Brzo, sigurno, efikasno. Vitaliy Sarancha MD, PhD jam\u010di rezultat.","breadcrumb":{"@id":"https:\/\/sarancha.com\/hr\/transformacija-hipnoterapija-ndth\/#breadcrumb"},"inLanguage":"hr","potentialAction":[{"@type":"ReadAction","target":["https:\/\/sarancha.com\/hr\/transformacija-hipnoterapija-ndth\/"]}]},{"@type":"ImageObject","inLanguage":"hr","@id":"https:\/\/sarancha.com\/hr\/transformacija-hipnoterapija-ndth\/#primaryimage","url":"https:\/\/sarancha.com\/wp-content\/uploads\/2024\/12\/Dr.Sarancha-avatar-1-1024x1024.jpg","contentUrl":"https:\/\/sarancha.com\/wp-content\/uploads\/2024\/12\/Dr.Sarancha-avatar-1-1024x1024.jpg"},{"@type":"BreadcrumbList","@id":"https:\/\/sarancha.com\/hr\/transformacija-hipnoterapija-ndth\/#breadcrumb","itemListElement":[{"@type":"ListItem","position":1,"name":"Home","item":"https:\/\/sarancha.com\/hr\/"},{"@type":"ListItem","position":2,"name":"\u017divotopis"}]},{"@type":"WebSite","@id":"https:\/\/sarancha.com\/hr\/#website","url":"https:\/\/sarancha.com\/hr\/","name":"Dr. Sarancha","description":"Kou\u010ding zdravlja od dr.Sarancha","potentialAction":[{"@type":"SearchAction","target":{"@type":"EntryPoint","urlTemplate":"https:\/\/sarancha.com\/hr\/?s={search_term_string}"},"query-input":{"@type":"PropertyValueSpecification","valueRequired":true,"valueName":"search_term_string"}}],"inLanguage":"hr"}]}},"_links":{"self":[{"href":"https:\/\/sarancha.com\/hr\/wp-json\/wp\/v2\/pages\/281","targetHints":{"allow":["GET"]}}],"collection":[{"href":"https:\/\/sarancha.com\/hr\/wp-json\/wp\/v2\/pages"}],"about":[{"href":"https:\/\/sarancha.com\/hr\/wp-json\/wp\/v2\/types\/page"}],"author":[{"embeddable":true,"href":"https:\/\/sarancha.com\/hr\/wp-json\/wp\/v2\/users\/1"}],"replies":[{"embeddable":true,"href":"https:\/\/sarancha.com\/hr\/wp-json\/wp\/v2\/comments?post=281"}],"version-history":[{"count":22,"href":"https:\/\/sarancha.com\/hr\/wp-json\/wp\/v2\/pages\/281\/revisions"}],"predecessor-version":[{"id":1970,"href":"https:\/\/sarancha.com\/hr\/wp-json\/wp\/v2\/pages\/281\/revisions\/1970"}],"wp:attachment":[{"href":"https:\/\/sarancha.com\/hr\/wp-json\/wp\/v2\/media?parent=281"}],"curies":[{"name":"wp","href":"https:\/\/api.w.org\/{rel}","templated":true}]}}