{"id":385,"date":"2023-08-20T21:46:15","date_gmt":"2023-08-20T21:46:15","guid":{"rendered":"https:\/\/sarancha.com\/?page_id=385"},"modified":"2026-01-28T13:49:07","modified_gmt":"2026-01-28T13:49:07","slug":"pravila-privatnosti","status":"publish","type":"page","link":"https:\/\/sarancha.com\/hr\/pravila-privatnosti\/","title":{"rendered":"Pravila privatnosti"},"content":{"rendered":"\n<p>S ciljem za\u0161tite osobnih podataka koje nam dajete na uvid na internetskim stranicama https:\/\/sarancha.com i s njom povezanim stranicama na dru\u0161tvenim mre\u017eama. Molimo, pa\u017eljivo pro\u010ditajte \u201ePravila o privatnosti\u201c kako biste jasno razumjeli kako i za\u0161to prikupljamo, koristimo i \u0161titimo va\u0161e osobne podatke.<\/p>\n\n\n\n<p><strong>Koja je svrha prikupljanja osobnih podatka?<\/strong><\/p>\n\n\n\n<p>Davanje va\u0161ih osobnih podataka je dobrovoljno. Pristup internet stranici https:\/\/sarancha.com je slobodan, a od korisnika se inicijalno ne tra\u017ei registracija. Registracija se provodi isklju\u010divo po \u017eeli korisnika. Osobne podatke prikupljamo kako bismo mogli \u0161to kvalitetnije obraditi va\u0161e zahtjeve, odgovoriti na va\u0161e upite te kako bismo vas mogli informirati o postoje\u0107im i novim sadr\u017eajima i uslugama koje pru\u017eamo samostalno ili u suradnji s na\u0161im partnerima.<\/p>\n\n\n\n<p><strong>Kada prikupljamo podatke?<\/strong><\/p>\n\n\n\n<p>Va\u0161e osobne podatke pru\u017eate nam na uvid i kori\u0161tenje prilikom registraciji \u0161to ozna\u010dava da ste izjavili \u017eelju dobivati  newsletter na internet stranici https:\/\/sarancha.com ili slu\u017ebenim Facebook\/Linkedin\/Instagram stranicama, slanjem upita elektroni\u010dkom po\u0161tom na adresu&nbsp;info.detocre@gmail.com<\/p>\n\n\n\n<p><strong>Koje osobne podatke prikupljamo?<\/strong><\/p>\n\n\n\n<p>Na na\u0161im internet stranicama ili s njom povezanim stranicama sarancha.com na dru\u0161tvenim mre\u017eama prilikom registracije ili tijekom korespondencije elektroni\u010dkom po\u0161tom ili drugim elektroni\u010dkim kanalima komunikacije mo\u017ee biti zatra\u017eeno da nam ostavite svoje ime i prezime, spol, adresu elektroni\u010dke po\u0161te, broj telefona, datum, mjesto i godinu ro\u0111enja, mjesto stanovanja.<\/p>\n\n\n\n<p><strong>Kako koristimo va\u0161e osobne podatke?<\/strong><\/p>\n\n\n\n<p>Podatke koje prikupimo mo\u017eemo koristiti kako bismo:<\/p>\n\n\n\n<ul class=\"wp-block-list\">\n<li>personalizirali va\u0161e korisni\u010dko iskustvo i isporu\u010dili vam onaj tip sadr\u017eaja ili usluge za koji ste najvi\u0161e zainteresirani<\/li>\n\n\n\n<li>pobolj\u0161ali funkcionalnosti na\u0161e internetske stranice i dru\u0161tvenih mre\u017ea u cilju podizanja kvalitete sadr\u017eaja i usluga<\/li>\n\n\n\n<li>omogu\u0107ili bolju i br\u017eu uslugu u odgovoru na va\u0161 korisni\u010dki zahtjev ili upit<\/li>\n\n\n\n<li>bolje administrirali promocije, nagradne natje\u010daje, istra\u017eivanja ili druge sli\u010dne sadr\u017eaje<\/li>\n\n\n\n<li>dobili povratne informacije o kvaliteti na\u0161ih usluga<\/li>\n<\/ul>\n\n\n\n<p><strong>Kako \u0161titimo va\u0161e podatke?<\/strong><\/p>\n\n\n\n<p>Primjenjujemo odgovaraju\u0107e mjere za\u0161tite osobnih podataka i procedure kako bismo sprije\u010dili da se osobnim podacima ne bi neovla\u0161teno pristupalo te da bismo osigurali da se koriste u skladu sa svrhom obrade. Neovla\u0161teni poku\u0161aji otpreme ili izmjene podataka na internet stranicama&nbsp;<a href=\"https:\/\/maimbalkan.org\/\">sarancha.com<\/a> strogo su zabranjeni.<\/p>\n\n\n\n<p><strong>Koristimo li \u201ekola\u010di\u0107e\u201c (eng. \u201ecookies\u201c)?<\/strong><\/p>\n\n\n\n<p>Da. \u201eCookies\u201c su male datoteke koje internet stranica ili pru\u017eatelj usluga \u0161alje i pohranjuje u memoriju va\u0161eg ra\u010dunala kroz internet pretra\u017eiva\u010d (ukoliko je to s va\u0161e strane omogu\u0107eno) \u0161to prilikom svakog novog posjeta poma\u017ee br\u017eem i u\u010dinkovitijem aktiviranju informacija, podataka i postavki koje ste ve\u0107 prethodno priop\u0107ili prilikom pro\u0161lih pristupa i kori\u0161tenja na\u0161e stranice. Tako\u0111er, podaci koje \u201ekola\u010di\u0107i\u201c skupljaju poma\u017eu nam razumjeti va\u0161e preferencije na temelju pro\u0161lih i trenutnih aktivnosti koje poduzimate na na\u0161oj stranici i omogu\u0107uju nam da vam pru\u017eimo bolje korisni\u010dko iskustvo. Podaci prikupljeni na ovaj na\u010din ne omogu\u0107uju osobnu identifikaciju korisnika. Ukoliko ne \u017eelite da va\u0161e ra\u010dunalo prima \u201ekola\u010di\u0107e\u201c sa stranice https:\/\/sarancha.com mo\u017eete ih isklju\u010diti tako da u svom Internet pregledniku izaberete tu mogu\u0107nost klikom na Alati-Opcije (Tools-Options). U tom slu\u010daju neke od zna\u010dajki na\u0161e stranice zadu\u017eene za bolje korisni\u010dko iskustvo mo\u017eda ne\u0107e ispravno funkcionirati.<\/p>\n\n\n\n<p><strong>Poveznice na druge internet stranice<\/strong><\/p>\n\n\n\n<p>Na\u0161a internet stranica mo\u017ee sadr\u017eavati poveznice prema drugim internet stranicama. Nakon \u0161to ste pomo\u0107u tih poveznica napustili na\u0161u stranicu, mi ne mo\u017eemo biti odgovorni za za\u0161titu bilo kojih podataka koje \u0107ete eventualno ostaviti prilikom posjeta tim stranicama. Zato one nisu obuhva\u0107ene ovom policom privatnosti. Molimo pro\u010ditajte pravila o privatnosti koja se odnose na te internet stranice. \u017dele\u0107i za\u0161titi integritet na\u0161ih stranica, dobrodo\u0161le su povratne informacije o eventualnim kr\u0161enjima va\u0161e privatnosti na tim stranicama.<\/p>\n\n\n\n<p><strong>Upravljanje va\u0161im osobnim podacima<\/strong><\/p>\n\n\n\n<p>Sarancha.com ne\u0107e prodavati, distribuirati ili iznajmljivati va\u0161e osobne podatke bilo kojim tre\u0107im stranama osim ukoliko za to dobijemo va\u0161u izri\u010ditu dozvolu ili to budemo zakonski obavezni u\u010diniti. Me\u0111utim, kada je to potrebno zbog ostvarivanja neke od funkcionalnosti, sadr\u017eaja ili usluge s na\u0161ih stranica, smatramo da va\u0161im pristajanjem na predmetni sadr\u017eaj, dajete privolu da va\u0161e osobne podatke dostavljamo na\u0161im partnerima koji su neophodni za ostvarivanje te funkcionalnosti. Osigurat \u0107emo da na\u0161i partneri va\u0161e osobne podatke obra\u0111uju na na\u010din predvi\u0111en ovim Pravilima o privatnosti. Mo\u017eemo koristiti va\u0161e osobne podatke kako bismo vam poslali promotivne ponude ili informacije koje su unutar va\u0161eg podru\u010dja interesa, a povezane su s na\u0161im uslugama.<\/p>\n\n\n\n<p>Ukoliko mislite da va\u0161i podaci prikupljeni i kori\u0161teni na gore navedeni na\u010din nisu to\u010dni ili \u017eelite da ih prestanemo koristiti, molimo kontaktirajte nas telefonski ili e-po\u0161tom.<\/p>\n\n\n\n<p>Tel. + 385993888898, mail: info.detocre@gmail.com<\/p>\n","protected":false},"excerpt":{"rendered":"<p>S ciljem za\u0161tite osobnih podataka koje nam dajete na uvid na internetskim stranicama https:\/\/sarancha.com i s njom povezanim stranicama na dru\u0161tvenim mre\u017eama. Molimo, pa\u017eljivo pro\u010ditajte \u201ePravila o privatnosti\u201c kako biste jasno razumjeli kako i za\u0161to prikupljamo, koristimo i \u0161titimo va\u0161e osobne podatke. Koja je svrha prikupljanja osobnih podatka? Davanje va\u0161ih osobnih podataka je dobrovoljno. Pristup [&hellip;]<\/p>\n","protected":false},"author":1,"featured_media":0,"parent":0,"menu_order":0,"comment_status":"closed","ping_status":"open","template":"","meta":{"inline_featured_image":false,"footnotes":""},"class_list":["post-385","page","type-page","status-publish","hentry"],"yoast_head":"<!-- This site is optimized with the Yoast SEO plugin v27.3 - https:\/\/yoast.com\/product\/yoast-seo-wordpress\/ -->\n<title>Pravila privatnosti - Dr. Sarancha<\/title>\n<meta name=\"description\" content=\"Transformacija i hipnoterapija prema NDTH sistemu. Brzo i efikasno. Uspjeva tamo gdje druge metode ne uspjevaju.\" \/>\n<meta name=\"robots\" content=\"index, follow, max-snippet:-1, max-image-preview:large, max-video-preview:-1\" \/>\n<link rel=\"canonical\" href=\"https:\/\/sarancha.com\/hr\/pravila-privatnosti\/\" \/>\n<meta property=\"og:locale\" content=\"hr_HR\" \/>\n<meta property=\"og:type\" content=\"article\" \/>\n<meta property=\"og:title\" content=\"Pravila privatnosti - Dr. Sarancha\" \/>\n<meta property=\"og:description\" content=\"Transformacija i hipnoterapija prema NDTH sistemu. Brzo i efikasno. Uspjeva tamo gdje druge metode ne uspjevaju.\" \/>\n<meta property=\"og:url\" content=\"https:\/\/sarancha.com\/hr\/pravila-privatnosti\/\" \/>\n<meta property=\"og:site_name\" content=\"Dr. Sarancha\" \/>\n<meta property=\"article:modified_time\" content=\"2026-01-28T13:49:07+00:00\" \/>\n<meta name=\"twitter:card\" content=\"summary_large_image\" \/>\n<meta name=\"twitter:label1\" content=\"Procijenjeno vrijeme \u010ditanja\" \/>\n\t<meta name=\"twitter:data1\" content=\"4 minute\" \/>\n<script type=\"application\/ld+json\" class=\"yoast-schema-graph\">{\"@context\":\"https:\\\/\\\/schema.org\",\"@graph\":[{\"@type\":\"WebPage\",\"@id\":\"https:\\\/\\\/sarancha.com\\\/hr\\\/pravila-privatnosti\\\/\",\"url\":\"https:\\\/\\\/sarancha.com\\\/hr\\\/pravila-privatnosti\\\/\",\"name\":\"Pravila privatnosti - Dr. Sarancha\",\"isPartOf\":{\"@id\":\"https:\\\/\\\/sarancha.com\\\/hr\\\/#website\"},\"datePublished\":\"2023-08-20T21:46:15+00:00\",\"dateModified\":\"2026-01-28T13:49:07+00:00\",\"description\":\"Transformacija i hipnoterapija prema NDTH sistemu. Brzo i efikasno. Uspjeva tamo gdje druge metode ne uspjevaju.\",\"breadcrumb\":{\"@id\":\"https:\\\/\\\/sarancha.com\\\/hr\\\/pravila-privatnosti\\\/#breadcrumb\"},\"inLanguage\":\"hr\",\"potentialAction\":[{\"@type\":\"ReadAction\",\"target\":[\"https:\\\/\\\/sarancha.com\\\/hr\\\/pravila-privatnosti\\\/\"]}]},{\"@type\":\"BreadcrumbList\",\"@id\":\"https:\\\/\\\/sarancha.com\\\/hr\\\/pravila-privatnosti\\\/#breadcrumb\",\"itemListElement\":[{\"@type\":\"ListItem\",\"position\":1,\"name\":\"Home\",\"item\":\"https:\\\/\\\/sarancha.com\\\/hr\\\/\"},{\"@type\":\"ListItem\",\"position\":2,\"name\":\"Pravila privatnosti\"}]},{\"@type\":\"WebSite\",\"@id\":\"https:\\\/\\\/sarancha.com\\\/hr\\\/#website\",\"url\":\"https:\\\/\\\/sarancha.com\\\/hr\\\/\",\"name\":\"Dr. Sarancha\",\"description\":\"Kou\u010ding zdravlja od dr.Sarancha\",\"potentialAction\":[{\"@type\":\"SearchAction\",\"target\":{\"@type\":\"EntryPoint\",\"urlTemplate\":\"https:\\\/\\\/sarancha.com\\\/hr\\\/?s={search_term_string}\"},\"query-input\":{\"@type\":\"PropertyValueSpecification\",\"valueRequired\":true,\"valueName\":\"search_term_string\"}}],\"inLanguage\":\"hr\"}]}<\/script>\n<!-- \/ Yoast SEO plugin. -->","yoast_head_json":{"title":"Pravila privatnosti - Dr. Sarancha","description":"Transformacija i hipnoterapija prema NDTH sistemu. Brzo i efikasno. Uspjeva tamo gdje druge metode ne uspjevaju.","robots":{"index":"index","follow":"follow","max-snippet":"max-snippet:-1","max-image-preview":"max-image-preview:large","max-video-preview":"max-video-preview:-1"},"canonical":"https:\/\/sarancha.com\/hr\/pravila-privatnosti\/","og_locale":"hr_HR","og_type":"article","og_title":"Pravila privatnosti - Dr. Sarancha","og_description":"Transformacija i hipnoterapija prema NDTH sistemu. Brzo i efikasno. Uspjeva tamo gdje druge metode ne uspjevaju.","og_url":"https:\/\/sarancha.com\/hr\/pravila-privatnosti\/","og_site_name":"Dr. Sarancha","article_modified_time":"2026-01-28T13:49:07+00:00","twitter_card":"summary_large_image","twitter_misc":{"Procijenjeno vrijeme \u010ditanja":"4 minute"},"schema":{"@context":"https:\/\/schema.org","@graph":[{"@type":"WebPage","@id":"https:\/\/sarancha.com\/hr\/pravila-privatnosti\/","url":"https:\/\/sarancha.com\/hr\/pravila-privatnosti\/","name":"Pravila privatnosti - Dr. Sarancha","isPartOf":{"@id":"https:\/\/sarancha.com\/hr\/#website"},"datePublished":"2023-08-20T21:46:15+00:00","dateModified":"2026-01-28T13:49:07+00:00","description":"Transformacija i hipnoterapija prema NDTH sistemu. Brzo i efikasno. Uspjeva tamo gdje druge metode ne uspjevaju.","breadcrumb":{"@id":"https:\/\/sarancha.com\/hr\/pravila-privatnosti\/#breadcrumb"},"inLanguage":"hr","potentialAction":[{"@type":"ReadAction","target":["https:\/\/sarancha.com\/hr\/pravila-privatnosti\/"]}]},{"@type":"BreadcrumbList","@id":"https:\/\/sarancha.com\/hr\/pravila-privatnosti\/#breadcrumb","itemListElement":[{"@type":"ListItem","position":1,"name":"Home","item":"https:\/\/sarancha.com\/hr\/"},{"@type":"ListItem","position":2,"name":"Pravila privatnosti"}]},{"@type":"WebSite","@id":"https:\/\/sarancha.com\/hr\/#website","url":"https:\/\/sarancha.com\/hr\/","name":"Dr. Sarancha","description":"Kou\u010ding zdravlja od dr.Sarancha","potentialAction":[{"@type":"SearchAction","target":{"@type":"EntryPoint","urlTemplate":"https:\/\/sarancha.com\/hr\/?s={search_term_string}"},"query-input":{"@type":"PropertyValueSpecification","valueRequired":true,"valueName":"search_term_string"}}],"inLanguage":"hr"}]}},"_links":{"self":[{"href":"https:\/\/sarancha.com\/hr\/wp-json\/wp\/v2\/pages\/385","targetHints":{"allow":["GET"]}}],"collection":[{"href":"https:\/\/sarancha.com\/hr\/wp-json\/wp\/v2\/pages"}],"about":[{"href":"https:\/\/sarancha.com\/hr\/wp-json\/wp\/v2\/types\/page"}],"author":[{"embeddable":true,"href":"https:\/\/sarancha.com\/hr\/wp-json\/wp\/v2\/users\/1"}],"replies":[{"embeddable":true,"href":"https:\/\/sarancha.com\/hr\/wp-json\/wp\/v2\/comments?post=385"}],"version-history":[{"count":4,"href":"https:\/\/sarancha.com\/hr\/wp-json\/wp\/v2\/pages\/385\/revisions"}],"predecessor-version":[{"id":1697,"href":"https:\/\/sarancha.com\/hr\/wp-json\/wp\/v2\/pages\/385\/revisions\/1697"}],"wp:attachment":[{"href":"https:\/\/sarancha.com\/hr\/wp-json\/wp\/v2\/media?parent=385"}],"curies":[{"name":"wp","href":"https:\/\/api.w.org\/{rel}","templated":true}]}}