{"id":772,"date":"2025-04-01T22:20:02","date_gmt":"2025-04-01T22:20:02","guid":{"rendered":"https:\/\/sarancha.com\/?page_id=772"},"modified":"2026-01-28T17:33:09","modified_gmt":"2026-01-28T17:33:09","slug":"knjiga-dosta-biti-bolestan-amazon-sarancha-zdravlje-sreca-blagostanje","status":"publish","type":"page","link":"https:\/\/sarancha.com\/hr\/knjiga-dosta-biti-bolestan-amazon-sarancha-zdravlje-sreca-blagostanje\/","title":{"rendered":"Knjiga &#8220;Stop Being Sick!&#8221;"},"content":{"rendered":"\n<div class=\"wp-block-group alignfull has-global-padding is-layout-constrained wp-block-group-is-layout-constrained\" style=\"margin-top:0;margin-bottom:0\">\n<div class=\"wp-block-columns alignfull is-layout-flex wp-container-core-columns-is-layout-9c22b1e3 wp-block-columns-is-layout-flex\">\n<div class=\"wp-block-column is-layout-flow wp-block-column-is-layout-flow\" style=\"padding-top:0;padding-right:0;padding-bottom:0;padding-left:0;flex-basis:33%\">\n<figure class=\"wp-block-image size-full\"><img loading=\"lazy\" decoding=\"async\" width=\"830\" height=\"1181\" src=\"https:\/\/sarancha.com\/wp-content\/uploads\/book-cover-en.png\" alt=\"\" class=\"wp-image-711\"\/><\/figure>\n<\/div>\n\n\n\n<div class=\"wp-block-column is-vertically-aligned-center is-layout-flow wp-block-column-is-layout-flow\" style=\"padding-top:0;padding-right:var(--wp--preset--spacing--50);padding-bottom:0;padding-left:var(--wp--preset--spacing--50)\">\n<p class=\"has-medium-font-size\">Knjiga <strong>&#8220;Stop Being Sick!&#8221;<\/strong> je sa\u017eetak znanstvenih spoznaja i prakti\u010dnog medicinskog iskustva. Autor ima za cilj skrenuti pozornost \u010ditatelja na cjelovito razumijevanje ljudskog zdravlja, uzroke i mehanizme nastanka i napredovanja bolesti, te pru\u017eiti potrebna znanja i alate za izlazak iz za\u010daranog kruga bolesti.<\/p>\n\n\n\n<p class=\"has-medium-font-size\">Uz upoznavanje s novim i obe\u0107avaju\u0107im pristupima lije\u010denju i ozdravljenju, knjiga nudi prakti\u010dne vje\u017ebe usmjerene na razvoj specifi\u010dnih vje\u0161tina koje su potrebne za postizanje uravnote\u017eenog i resursnog funkcionalnog stanja.<\/p>\n\n\n\n<p class=\"has-medium-font-size\">Rade\u0107i s materijalom knjige, \u010ditatelji \u0107e mo\u0107i ne samo pobolj\u0161ati svoje zdravlje, ve\u0107 i pomo\u0107i svojim bli\u017enjima da dublje razumiju metode preispitivanja svojih postupaka i odnosa prema svijetu.<\/p>\n\n\n\n<p class=\"has-medium-font-size\">Ova nova svijest ima za cilj inspirirati ljude na ozdravljenje, \u0161to \u0107e ih dovesti do zdravijeg, sretnijeg i ispunjenijeg \u017eivota.<\/p>\n\n\n\n<div class=\"wp-block-group is-content-justification-space-between is-nowrap is-layout-flex wp-container-core-group-is-layout-cb46ffcb wp-block-group-is-layout-flex\">\n<div class=\"wp-block-buttons alignwide has-custom-font-size has-medium-font-size is-content-justification-center is-layout-flex wp-container-core-buttons-is-layout-c124d1c4 wp-block-buttons-is-layout-flex\">\n<div class=\"wp-block-button\"><a class=\"wp-block-button__link wp-element-button\" href=\"https:\/\/www.amazon.com\/dp\/B0DPTBQ24G\" target=\"_blank\" rel=\" noreferrer noopener nofollow\">Kupite na <strong>Amazon<\/strong><\/a><\/div>\n<\/div>\n\n\n\n<div class=\"wp-block-group has-medium-font-size wp-container-content-9cfa9a5a has-global-padding is-content-justification-right is-layout-constrained wp-container-core-group-is-layout-5c12a1d1 wp-block-group-is-layout-constrained\">\n<p class=\"has-text-align-right\">Autor<\/p>\n\n\n\n<p class=\"has-text-align-right\"><strong>dr. Vitaliy Sarancha<\/strong><\/p>\n<\/div>\n\n\n\n<figure class=\"wp-block-image size-medium is-resized has-custom-border\"><img loading=\"lazy\" decoding=\"async\" width=\"200\" height=\"300\" src=\"https:\/\/sarancha.com\/wp-content\/uploads\/2024\/12\/Dr.Sarancha-avatar-2-200x300.jpg\" alt=\"\" class=\"wp-image-166\" style=\"border-radius:100px;aspect-ratio:1;object-fit:cover;width:100px\" srcset=\"https:\/\/sarancha.com\/wp-content\/uploads\/2024\/12\/Dr.Sarancha-avatar-2-200x300.jpg 200w, https:\/\/sarancha.com\/wp-content\/uploads\/2024\/12\/Dr.Sarancha-avatar-2-684x1024.jpg 684w, https:\/\/sarancha.com\/wp-content\/uploads\/2024\/12\/Dr.Sarancha-avatar-2-768x1151.jpg 768w, https:\/\/sarancha.com\/wp-content\/uploads\/2024\/12\/Dr.Sarancha-avatar-2-1025x1536.jpg 1025w, https:\/\/sarancha.com\/wp-content\/uploads\/2024\/12\/Dr.Sarancha-avatar-2.jpg 1367w\" sizes=\"auto, (max-width: 200px) 100vw, 200px\" \/><\/figure>\n<\/div>\n\n\n\n<p><strong>Ako se \u017eelite upoznati s konceptom knjige, mo\u017eete preslu\u0161ati audiozapis:<\/strong><\/p>\n\n\n\n<figure class=\"wp-block-embed is-type-video is-provider-youtube wp-block-embed-youtube wp-embed-aspect-16-9 wp-has-aspect-ratio\"><div class=\"wp-block-embed__wrapper\">\n<iframe loading=\"lazy\" title=\"Stop being sick! - audiobook (Chapters 1-4)\" width=\"500\" height=\"281\" src=\"https:\/\/www.youtube.com\/embed\/AwQ5KW0fMuc?feature=oembed\" frameborder=\"0\" allow=\"accelerometer; autoplay; clipboard-write; encrypted-media; gyroscope; picture-in-picture; web-share\" referrerpolicy=\"strict-origin-when-cross-origin\" allowfullscreen><\/iframe>\n<\/div><\/figure>\n<\/div>\n<\/div>\n<\/div>\n\n\n\n<div class=\"wp-block-group alignfull is-layout-flow wp-block-group-is-layout-flow\" style=\"margin-top:0;margin-bottom:0;padding-top:var(--wp--preset--spacing--50);padding-bottom:var(--wp--preset--spacing--50)\">\n<h2 class=\"wp-block-heading has-text-align-center has-x-large-font-size\">Recenzije<\/h2>\n\n\n\n<div class=\"wp-block-group alignfull has-global-padding is-layout-constrained wp-block-group-is-layout-constrained\" style=\"margin-top:0;margin-bottom:0;padding-top:var(--wp--preset--spacing--50);padding-bottom:0\">\n<div class=\"wp-block-columns alignwide is-layout-flex wp-container-core-columns-is-layout-714d85e9 wp-block-columns-is-layout-flex\">\n<div class=\"wp-block-column is-layout-flow wp-block-column-is-layout-flow\">\n<div class=\"wp-block-group is-nowrap is-layout-flex wp-container-core-group-is-layout-6c531013 wp-block-group-is-layout-flex\">\n<figure class=\"wp-block-image size-full is-resized is-style-rounded\"><img loading=\"lazy\" decoding=\"async\" width=\"1024\" height=\"1024\" src=\"https:\/\/sarancha.com\/wp-content\/uploads\/amazon-ava.png\" alt=\"\" class=\"wp-image-756\" style=\"aspect-ratio:1;object-fit:cover;width:64px\"\/><\/figure>\n\n\n\n<div class=\"wp-block-group is-vertical is-layout-flex wp-container-core-group-is-layout-3a19b9da wp-block-group-is-layout-flex\" style=\"margin-top:0;margin-bottom:0\">\n<p class=\"has-medium-font-size\">Chris<\/p>\n\n\n\n<p class=\"has-medium-font-size\">\u2b50\ufe0f\u2b50\ufe0f\u2b50\ufe0f\u2b50\ufe0f\u2b50\ufe0f<\/p>\n<\/div>\n<\/div>\n\n\n\n<div class=\"wp-block-group is-nowrap is-layout-flex wp-container-core-group-is-layout-6c531013 wp-block-group-is-layout-flex\">\n<p class=\"has-medium-font-size\"><strong>izvrsna knjiga, TOP preporuka!!<\/strong><\/p>\n<\/div>\n\n\n\n<p class=\"has-small-font-size\">Pro\u010ditao sam gotovo 300 stranica u jednom dahu&#8230; Nevjerojatno je koliko su stvari zapravo jednostavne kada ih razumijemo. Mislim da bi svatko tko \u017eeli raditi na sebi i pobolj\u0161ati kvalitetu svog \u017eivota trebao pro\u010ditati ovu knjigu. Stil pisanja je vrlo razumljiv i lako se \u010dita. Apsolutno preporu\u010dujem!!!<\/p>\n<\/div>\n\n\n\n<div class=\"wp-block-column is-layout-flow wp-block-column-is-layout-flow\">\n<div class=\"wp-block-group is-nowrap is-layout-flex wp-container-core-group-is-layout-6c531013 wp-block-group-is-layout-flex\">\n<figure class=\"wp-block-image size-full is-resized is-style-rounded\"><img loading=\"lazy\" decoding=\"async\" width=\"1024\" height=\"1024\" src=\"https:\/\/sarancha.com\/wp-content\/uploads\/amazon-ava.png\" alt=\"\" class=\"wp-image-756\" style=\"aspect-ratio:1;object-fit:cover;width:64px\"\/><\/figure>\n\n\n\n<div class=\"wp-block-group is-vertical is-layout-flex wp-container-core-group-is-layout-3a19b9da wp-block-group-is-layout-flex\" style=\"margin-top:0;margin-bottom:0\">\n<p class=\"has-medium-font-size\">Zackaria Diaz<\/p>\n\n\n\n<p class=\"has-medium-font-size\">\u2b50\ufe0f\u2b50\ufe0f\u2b50\ufe0f\u2b50\ufe0f\u2b50\ufe0f<\/p>\n<\/div>\n<\/div>\n\n\n\n<div class=\"wp-block-group is-nowrap is-layout-flex wp-container-core-group-is-layout-6c531013 wp-block-group-is-layout-flex\">\n<p class=\"has-medium-font-size\"><strong><strong>Neophodno \u0161tivo za svakoga tko \u017eeli promijeniti svoj na\u010din razmi\u0161ljanja!<\/strong><\/strong><\/p>\n<\/div>\n\n\n\n<p class=\"has-small-font-size\">Novi pristupi i prakti\u010dni savjeti nisu samo znanstveno utemeljeni, ve\u0107 se jednostavno mogu uklju\u010diti u svakodnevnu rutinu.<\/p>\n<\/div>\n\n\n\n<div class=\"wp-block-column is-layout-flow wp-block-column-is-layout-flow\">\n<div class=\"wp-block-group is-nowrap is-layout-flex wp-container-core-group-is-layout-6c531013 wp-block-group-is-layout-flex\">\n<figure class=\"wp-block-image size-full is-resized is-style-rounded\"><img loading=\"lazy\" decoding=\"async\" width=\"1024\" height=\"1024\" src=\"https:\/\/sarancha.com\/wp-content\/uploads\/amazon-ava.png\" alt=\"\" class=\"wp-image-756\" style=\"aspect-ratio:1;object-fit:cover;width:64px\"\/><\/figure>\n\n\n\n<div class=\"wp-block-group is-vertical is-layout-flex wp-container-core-group-is-layout-3a19b9da wp-block-group-is-layout-flex\" style=\"margin-top:0;margin-bottom:0\">\n<p class=\"has-medium-font-size\">Neomi Pillsbury<\/p>\n\n\n\n<p class=\"has-medium-font-size\">\u2b50\ufe0f\u2b50\ufe0f\u2b50\ufe0f\u2b50\ufe0f\u2b50\ufe0f<\/p>\n<\/div>\n<\/div>\n\n\n\n<div class=\"wp-block-group is-nowrap is-layout-flex wp-container-core-group-is-layout-6c531013 wp-block-group-is-layout-flex\">\n<p class=\"has-medium-font-size\"><strong>Toplo je preporu\u010dujem svima!<\/strong><\/p>\n<\/div>\n\n\n\n<p class=\"has-small-font-size\">Ova knjiga je iznimno zanimljiva i puna korisnih alata i savjeta. Jednostavna je i lako se prati, nude\u0107i to\u010dno ono vodstvo koje mi je bilo potrebno za rad na zdravijem na\u010dinu \u017eivota.<\/p>\n<\/div>\n<\/div>\n<\/div>\n\n\n\n<p class=\"has-text-align-right\"><a href=\"https:\/\/www.amazon.de\/product-reviews\/9534634212\/\" target=\"_blank\" rel=\"noreferrer noopener nofollow\">Pro\u010ditaj vi\u0161e recenzija (73)<\/a><\/p>\n<\/div>\n\n\n\n<aside class=\"wp-block-group alignfull is-style-default has-background has-global-padding is-layout-constrained wp-container-core-group-is-layout-9564c570 wp-block-group-is-layout-constrained\" style=\"background:linear-gradient(145deg,rgb(214,200,170) 6%,rgb(207,204,193) 51%,rgb(79,79,79) 100%);margin-top:0;margin-bottom:0;padding-top:var(--wp--preset--spacing--50);padding-right:var(--wp--preset--spacing--50);padding-bottom:var(--wp--preset--spacing--50);padding-left:var(--wp--preset--spacing--50)\">\n<div class=\"wp-block-group is-nowrap is-layout-flex wp-container-core-group-is-layout-6c531013 wp-block-group-is-layout-flex\">\n<div class=\"wp-block-group is-layout-flow wp-block-group-is-layout-flow\"><pre class=\"ti-widget\" style=\"display: none\"><template id=\"trustindex-amazon-widget-html\"><div class=\" ti-widget  ti-amaz ti-review-text-mode-readmore ti-text-align-left\" data-no-translation=\"true\" data-time-locale=\"%d %s ago|today|day|days|week|weeks|month|months|year|years\" data-plugin-version=\"13.2.8\" data-layout-id=\"107\" data-layout-category=\"badge\" data-set-id=\"ligth-border\" data-pid=\"\" data-language=\"en\" data-close-locale=\"Close\" data-css-version=\"2\" data-size=\"1\"> <div class=\"ti-widget-container\"> <a href=\"https:\/\/www.amazon.de\/Stop-being-sick-transform-fulfilled\/dp\/9534634212\/ref=cm_cr_arp_d_product_top\" role=\"button\" target=\"_blank\" rel=\"noopener nofollow\" class=\"ti-footer ti-footer-grid source-Amazon\"> <div class=\"ti-fade-container\"> <div class=\"ti-rating-text\"> <strong class=\"ti-rating ti-rating-large\"> EXCELLENT <\/strong> <\/div> <span class=\"ti-stars star-lg\"><trustindex-image class=\"ti-star\" data-imgurl=\"https:\/\/cdn.trustindex.io\/assets\/platform\/Amazon\/star\/f.svg\" alt=\"Amazon\" width=\"17\" height=\"17\" loading=\"lazy\"><\/trustindex-image><trustindex-image class=\"ti-star\" data-imgurl=\"https:\/\/cdn.trustindex.io\/assets\/platform\/Amazon\/star\/f.svg\" alt=\"Amazon\" width=\"17\" height=\"17\" loading=\"lazy\"><\/trustindex-image><trustindex-image class=\"ti-star\" data-imgurl=\"https:\/\/cdn.trustindex.io\/assets\/platform\/Amazon\/star\/f.svg\" alt=\"Amazon\" width=\"17\" height=\"17\" loading=\"lazy\"><\/trustindex-image><trustindex-image class=\"ti-star\" data-imgurl=\"https:\/\/cdn.trustindex.io\/assets\/platform\/Amazon\/star\/f.svg\" alt=\"Amazon\" width=\"17\" height=\"17\" loading=\"lazy\"><\/trustindex-image><trustindex-image class=\"ti-star\" data-imgurl=\"https:\/\/cdn.trustindex.io\/assets\/platform\/Amazon\/star\/f.svg\" alt=\"Amazon\" width=\"17\" height=\"17\" loading=\"lazy\"><\/trustindex-image><\/span> <div class=\"ti-rating-text\"> <span class=\"nowrap\">Based on <span class=\"underline\">59 reviews<\/span><\/span> <\/div> <div class=\"ti-large-logo\"> <div class=\"ti-v-center\"> <trustindex-image class=\"ti-logo-fb\" data-imgurl=\"https:\/\/cdn.trustindex.io\/assets\/platform\/Amazon\/logo.svg\" width=\"150\" height=\"25\" loading=\"lazy\" alt=\"Amazon\"><\/trustindex-image> <\/div> <\/div> <\/div> <\/a> <\/div> <\/div> <\/template><\/pre><div data-src=\"https:\/\/cdn.trustindex.io\/loader.js?wp-widget\" data-template-id=\"trustindex-amazon-widget-html\" data-css-url=\"https:\/\/sarancha.com\/wp-content\/uploads\/trustindex-amazon-widget.css?1774259119\"><\/div>\n<\/div>\n\n\n\n<div class=\"wp-block-group wp-container-content-9cfa9a5a is-layout-flow wp-container-core-group-is-layout-5e8d9640 wp-block-group-is-layout-flow\" style=\"margin-top:0;margin-bottom:0;padding-right:0;padding-left:0\">\n<h2 class=\"wp-block-heading has-text-align-center has-base-color has-text-color has-link-color wp-elements-8f3b503c0541db00e56ed6acea779041\">Kupite danas &#8211; postanite zdraviji sutra<\/h2>\n\n\n\n<p class=\"has-text-align-center is-style-text-subtitle has-base-color has-text-color has-link-color has-large-font-size wp-elements-a8c3a24e930ad19c2c1300013a9b58e1 is-style-text-subtitle--1\">Pristupite pa\u017eljivo odabranoj zbirci prakti\u010dnih znanja i tehnika koje<br>vam omogu\u0107uju trajno eliminiranje kroni\u010dnih bolesti i obnavljanje zdravlja.<\/p>\n\n\n\n<div class=\"wp-block-buttons is-content-justification-center is-layout-flex wp-container-core-buttons-is-layout-a89b3969 wp-block-buttons-is-layout-flex\">\n<div class=\"wp-block-button\"><a class=\"wp-block-button__link has-text-align-center wp-element-button\" href=\"https:\/\/www.amazon.de\/Stop-being-sick-transform-fulfilled\/dp\/9534634212\" target=\"_blank\" rel=\" noreferrer noopener nofollow\">Kupite na <strong>Amazon<\/strong><\/a><\/div>\n<\/div>\n<\/div>\n<\/div>\n<\/aside>\n\n\n\n<p><\/p>\n","protected":false},"excerpt":{"rendered":"<p>Knjiga &#8220;Stop Being Sick!&#8221; je sa\u017eetak znanstvenih spoznaja i prakti\u010dnog medicinskog iskustva. Autor ima za cilj skrenuti pozornost \u010ditatelja na cjelovito razumijevanje ljudskog zdravlja, uzroke i mehanizme nastanka i napredovanja bolesti, te pru\u017eiti potrebna znanja i alate za izlazak iz za\u010daranog kruga bolesti. Uz upoznavanje s novim i obe\u0107avaju\u0107im pristupima lije\u010denju i ozdravljenju, knjiga nudi [&hellip;]<\/p>\n","protected":false},"author":1,"featured_media":0,"parent":0,"menu_order":0,"comment_status":"closed","ping_status":"closed","template":"","meta":{"inline_featured_image":false,"footnotes":""},"class_list":["post-772","page","type-page","status-publish","hentry"],"yoast_head":"<!-- This site is optimized with the Yoast SEO plugin v27.3 - https:\/\/yoast.com\/product\/yoast-seo-wordpress\/ -->\n<title>Knjiga &quot;Stop Being Sick!&quot; - Dr. Sarancha<\/title>\n<meta name=\"description\" content=\"Knjiga &quot;Stop Being Sick!&quot; je sa\u017eetak znanstvenih spoznaja i prakti\u010dnog medicinskog iskustva. Cjelovito razumijevanje ljudskog zdravlja.\" \/>\n<meta name=\"robots\" content=\"index, follow, max-snippet:-1, max-image-preview:large, max-video-preview:-1\" \/>\n<link rel=\"canonical\" href=\"https:\/\/sarancha.com\/hr\/knjiga-dosta-biti-bolestan-amazon-sarancha-zdravlje-sreca-blagostanje\/\" \/>\n<meta property=\"og:locale\" content=\"hr_HR\" \/>\n<meta property=\"og:type\" content=\"article\" \/>\n<meta property=\"og:title\" content=\"Knjiga &quot;Stop Being Sick!&quot; - Dr. Sarancha\" \/>\n<meta property=\"og:description\" content=\"Knjiga &quot;Stop Being Sick!&quot; je sa\u017eetak znanstvenih spoznaja i prakti\u010dnog medicinskog iskustva. Cjelovito razumijevanje ljudskog zdravlja.\" \/>\n<meta property=\"og:url\" content=\"https:\/\/sarancha.com\/hr\/knjiga-dosta-biti-bolestan-amazon-sarancha-zdravlje-sreca-blagostanje\/\" \/>\n<meta property=\"og:site_name\" content=\"Dr. Sarancha\" \/>\n<meta property=\"article:modified_time\" content=\"2026-01-28T17:33:09+00:00\" \/>\n<meta property=\"og:image\" content=\"https:\/\/sarancha.com\/wp-content\/uploads\/book-cover-en.png\" \/>\n\t<meta property=\"og:image:width\" content=\"830\" \/>\n\t<meta property=\"og:image:height\" content=\"1181\" \/>\n\t<meta property=\"og:image:type\" content=\"image\/png\" \/>\n<meta name=\"twitter:card\" content=\"summary_large_image\" \/>\n<meta name=\"twitter:label1\" content=\"Procijenjeno vrijeme \u010ditanja\" \/>\n\t<meta name=\"twitter:data1\" content=\"3 minute\" \/>\n<script type=\"application\/ld+json\" class=\"yoast-schema-graph\">{\"@context\":\"https:\\\/\\\/schema.org\",\"@graph\":[{\"@type\":\"WebPage\",\"@id\":\"https:\\\/\\\/sarancha.com\\\/hr\\\/knjiga-dosta-biti-bolestan-amazon-sarancha-zdravlje-sreca-blagostanje\\\/\",\"url\":\"https:\\\/\\\/sarancha.com\\\/hr\\\/knjiga-dosta-biti-bolestan-amazon-sarancha-zdravlje-sreca-blagostanje\\\/\",\"name\":\"Knjiga \\\"Stop Being Sick!\\\" - Dr. Sarancha\",\"isPartOf\":{\"@id\":\"https:\\\/\\\/sarancha.com\\\/hr\\\/#website\"},\"primaryImageOfPage\":{\"@id\":\"https:\\\/\\\/sarancha.com\\\/hr\\\/knjiga-dosta-biti-bolestan-amazon-sarancha-zdravlje-sreca-blagostanje\\\/#primaryimage\"},\"image\":{\"@id\":\"https:\\\/\\\/sarancha.com\\\/hr\\\/knjiga-dosta-biti-bolestan-amazon-sarancha-zdravlje-sreca-blagostanje\\\/#primaryimage\"},\"thumbnailUrl\":\"https:\\\/\\\/sarancha.com\\\/wp-content\\\/uploads\\\/book-cover-en.png\",\"datePublished\":\"2025-04-01T22:20:02+00:00\",\"dateModified\":\"2026-01-28T17:33:09+00:00\",\"description\":\"Knjiga \\\"Stop Being Sick!\\\" je sa\u017eetak znanstvenih spoznaja i prakti\u010dnog medicinskog iskustva. Cjelovito razumijevanje ljudskog zdravlja.\",\"breadcrumb\":{\"@id\":\"https:\\\/\\\/sarancha.com\\\/hr\\\/knjiga-dosta-biti-bolestan-amazon-sarancha-zdravlje-sreca-blagostanje\\\/#breadcrumb\"},\"inLanguage\":\"hr\",\"potentialAction\":[{\"@type\":\"ReadAction\",\"target\":[\"https:\\\/\\\/sarancha.com\\\/hr\\\/knjiga-dosta-biti-bolestan-amazon-sarancha-zdravlje-sreca-blagostanje\\\/\"]}]},{\"@type\":\"ImageObject\",\"inLanguage\":\"hr\",\"@id\":\"https:\\\/\\\/sarancha.com\\\/hr\\\/knjiga-dosta-biti-bolestan-amazon-sarancha-zdravlje-sreca-blagostanje\\\/#primaryimage\",\"url\":\"https:\\\/\\\/sarancha.com\\\/wp-content\\\/uploads\\\/book-cover-en.png\",\"contentUrl\":\"https:\\\/\\\/sarancha.com\\\/wp-content\\\/uploads\\\/book-cover-en.png\"},{\"@type\":\"BreadcrumbList\",\"@id\":\"https:\\\/\\\/sarancha.com\\\/hr\\\/knjiga-dosta-biti-bolestan-amazon-sarancha-zdravlje-sreca-blagostanje\\\/#breadcrumb\",\"itemListElement\":[{\"@type\":\"ListItem\",\"position\":1,\"name\":\"Home\",\"item\":\"https:\\\/\\\/sarancha.com\\\/hr\\\/\"},{\"@type\":\"ListItem\",\"position\":2,\"name\":\"Knjiga &#8220;Stop Being Sick!&#8221;\"}]},{\"@type\":\"WebSite\",\"@id\":\"https:\\\/\\\/sarancha.com\\\/hr\\\/#website\",\"url\":\"https:\\\/\\\/sarancha.com\\\/hr\\\/\",\"name\":\"Dr. Sarancha\",\"description\":\"Kou\u010ding zdravlja od dr.Sarancha\",\"potentialAction\":[{\"@type\":\"SearchAction\",\"target\":{\"@type\":\"EntryPoint\",\"urlTemplate\":\"https:\\\/\\\/sarancha.com\\\/hr\\\/?s={search_term_string}\"},\"query-input\":{\"@type\":\"PropertyValueSpecification\",\"valueRequired\":true,\"valueName\":\"search_term_string\"}}],\"inLanguage\":\"hr\"}]}<\/script>\n<!-- \/ Yoast SEO plugin. -->","yoast_head_json":{"title":"Knjiga \"Stop Being Sick!\" - Dr. Sarancha","description":"Knjiga \"Stop Being Sick!\" je sa\u017eetak znanstvenih spoznaja i prakti\u010dnog medicinskog iskustva. Cjelovito razumijevanje ljudskog zdravlja.","robots":{"index":"index","follow":"follow","max-snippet":"max-snippet:-1","max-image-preview":"max-image-preview:large","max-video-preview":"max-video-preview:-1"},"canonical":"https:\/\/sarancha.com\/hr\/knjiga-dosta-biti-bolestan-amazon-sarancha-zdravlje-sreca-blagostanje\/","og_locale":"hr_HR","og_type":"article","og_title":"Knjiga \"Stop Being Sick!\" - Dr. Sarancha","og_description":"Knjiga \"Stop Being Sick!\" je sa\u017eetak znanstvenih spoznaja i prakti\u010dnog medicinskog iskustva. Cjelovito razumijevanje ljudskog zdravlja.","og_url":"https:\/\/sarancha.com\/hr\/knjiga-dosta-biti-bolestan-amazon-sarancha-zdravlje-sreca-blagostanje\/","og_site_name":"Dr. Sarancha","article_modified_time":"2026-01-28T17:33:09+00:00","og_image":[{"width":830,"height":1181,"url":"https:\/\/sarancha.com\/wp-content\/uploads\/book-cover-en.png","type":"image\/png"}],"twitter_card":"summary_large_image","twitter_misc":{"Procijenjeno vrijeme \u010ditanja":"3 minute"},"schema":{"@context":"https:\/\/schema.org","@graph":[{"@type":"WebPage","@id":"https:\/\/sarancha.com\/hr\/knjiga-dosta-biti-bolestan-amazon-sarancha-zdravlje-sreca-blagostanje\/","url":"https:\/\/sarancha.com\/hr\/knjiga-dosta-biti-bolestan-amazon-sarancha-zdravlje-sreca-blagostanje\/","name":"Knjiga \"Stop Being Sick!\" - Dr. Sarancha","isPartOf":{"@id":"https:\/\/sarancha.com\/hr\/#website"},"primaryImageOfPage":{"@id":"https:\/\/sarancha.com\/hr\/knjiga-dosta-biti-bolestan-amazon-sarancha-zdravlje-sreca-blagostanje\/#primaryimage"},"image":{"@id":"https:\/\/sarancha.com\/hr\/knjiga-dosta-biti-bolestan-amazon-sarancha-zdravlje-sreca-blagostanje\/#primaryimage"},"thumbnailUrl":"https:\/\/sarancha.com\/wp-content\/uploads\/book-cover-en.png","datePublished":"2025-04-01T22:20:02+00:00","dateModified":"2026-01-28T17:33:09+00:00","description":"Knjiga \"Stop Being Sick!\" je sa\u017eetak znanstvenih spoznaja i prakti\u010dnog medicinskog iskustva. Cjelovito razumijevanje ljudskog zdravlja.","breadcrumb":{"@id":"https:\/\/sarancha.com\/hr\/knjiga-dosta-biti-bolestan-amazon-sarancha-zdravlje-sreca-blagostanje\/#breadcrumb"},"inLanguage":"hr","potentialAction":[{"@type":"ReadAction","target":["https:\/\/sarancha.com\/hr\/knjiga-dosta-biti-bolestan-amazon-sarancha-zdravlje-sreca-blagostanje\/"]}]},{"@type":"ImageObject","inLanguage":"hr","@id":"https:\/\/sarancha.com\/hr\/knjiga-dosta-biti-bolestan-amazon-sarancha-zdravlje-sreca-blagostanje\/#primaryimage","url":"https:\/\/sarancha.com\/wp-content\/uploads\/book-cover-en.png","contentUrl":"https:\/\/sarancha.com\/wp-content\/uploads\/book-cover-en.png"},{"@type":"BreadcrumbList","@id":"https:\/\/sarancha.com\/hr\/knjiga-dosta-biti-bolestan-amazon-sarancha-zdravlje-sreca-blagostanje\/#breadcrumb","itemListElement":[{"@type":"ListItem","position":1,"name":"Home","item":"https:\/\/sarancha.com\/hr\/"},{"@type":"ListItem","position":2,"name":"Knjiga &#8220;Stop Being Sick!&#8221;"}]},{"@type":"WebSite","@id":"https:\/\/sarancha.com\/hr\/#website","url":"https:\/\/sarancha.com\/hr\/","name":"Dr. Sarancha","description":"Kou\u010ding zdravlja od dr.Sarancha","potentialAction":[{"@type":"SearchAction","target":{"@type":"EntryPoint","urlTemplate":"https:\/\/sarancha.com\/hr\/?s={search_term_string}"},"query-input":{"@type":"PropertyValueSpecification","valueRequired":true,"valueName":"search_term_string"}}],"inLanguage":"hr"}]}},"_links":{"self":[{"href":"https:\/\/sarancha.com\/hr\/wp-json\/wp\/v2\/pages\/772","targetHints":{"allow":["GET"]}}],"collection":[{"href":"https:\/\/sarancha.com\/hr\/wp-json\/wp\/v2\/pages"}],"about":[{"href":"https:\/\/sarancha.com\/hr\/wp-json\/wp\/v2\/types\/page"}],"author":[{"embeddable":true,"href":"https:\/\/sarancha.com\/hr\/wp-json\/wp\/v2\/users\/1"}],"replies":[{"embeddable":true,"href":"https:\/\/sarancha.com\/hr\/wp-json\/wp\/v2\/comments?post=772"}],"version-history":[{"count":4,"href":"https:\/\/sarancha.com\/hr\/wp-json\/wp\/v2\/pages\/772\/revisions"}],"predecessor-version":[{"id":1160,"href":"https:\/\/sarancha.com\/hr\/wp-json\/wp\/v2\/pages\/772\/revisions\/1160"}],"wp:attachment":[{"href":"https:\/\/sarancha.com\/hr\/wp-json\/wp\/v2\/media?parent=772"}],"curies":[{"name":"wp","href":"https:\/\/api.w.org\/{rel}","templated":true}]}}